{"id":1438,"date":"2020-10-07T12:35:59","date_gmt":"2020-10-07T10:35:59","guid":{"rendered":"https:\/\/www.framegirona.com\/?page_id=1438"},"modified":"2026-04-29T08:57:54","modified_gmt":"2026-04-29T06:57:54","slug":"politica-de-cookies","status":"publish","type":"page","link":"https:\/\/framegirona.com\/es\/politica-de-cookies\/","title":{"rendered":"Pol\u00edtica de cookies"},"content":{"rendered":"<div data-elementor-type=\"wp-page\" data-elementor-id=\"1438\" class=\"elementor elementor-1438\" data-elementor-post-type=\"page\">\n\t\t\t\t<div class=\"elementor-element elementor-element-f60aed5 e-flex e-con-boxed e-con e-parent\" data-id=\"f60aed5\" data-element_type=\"container\" data-e-type=\"container\">\n\t\t\t\t\t<div class=\"e-con-inner\">\n\t\t<div class=\"elementor-element elementor-element-8d3a467 e-con-full e-flex e-con e-child\" data-id=\"8d3a467\" data-element_type=\"container\" data-e-type=\"container\">\n\t\t\t\t<div class=\"elementor-element elementor-element-963397f elementor-widget elementor-widget-heading\" data-id=\"963397f\" data-element_type=\"widget\" data-e-type=\"widget\" data-widget_type=\"heading.default\">\n\t\t\t\t<div class=\"elementor-widget-container\">\n\t\t\t\t\t<h1 class=\"elementor-heading-title elementor-size-default\">POL\u00cdTICA DE COOKIES<\/h1>\t\t\t\t<\/div>\n\t\t\t\t<\/div>\n\t\t\t\t<div class=\"elementor-element elementor-element-793dece elementor-widget elementor-widget-text-editor\" data-id=\"793dece\" data-element_type=\"widget\" data-e-type=\"widget\" data-widget_type=\"text-editor.default\">\n\t\t\t\t<div class=\"elementor-widget-container\">\n\t\t\t\t\t\t\t\t\t<div class=\"page\" title=\"P\u00e1gina 4\"><div class=\"layoutArea\"><div class=\"column\"><div class=\"page\" title=\"P\u00e1gina 8\"><div class=\"layoutArea\"><div class=\"column\"><div class=\"page\" title=\"P\u00e1gina 11\"><div class=\"layoutArea\"><div class=\"column\"><p><strong>INFORMACI\u00d3N SOBRE COOKIES<\/strong><\/p><p>De acuerdo con la Ley 34\/2002, de 11 de julio, de servicios de la sociedad de la informaci\u00f3n y de comercio electr\u00f3nico (LSSI), en relaci\u00f3n con el Reglamento (UE) 2016\/679 del Parlamento Europeo y del Consejo, de 27 de abril de 2016, General de Protecci\u00f3n de Datos (RGPD) y la Ley Org\u00e1nica 3\/2018, de 5 de diciembre, de Protecci\u00f3n de Datos y Garant\u00eda de los Derechos Digitales (LOPDGDD), es obligatorio obtener el consentimiento expreso del usuario de todas las p\u00e1ginas web que utilizan cookies prescindibles, antes de que este navegue por ellas.<\/p><p><strong>\u00bfQu\u00e9 son las cookies?<\/strong><\/p><p>Las cookies y otras tecnolog\u00edas similares, como los objetos compartidos locales, las cookies de Flash o los p\u00edxeles, son herramientas utilizadas por los servidores web para almacenar y recuperar informaci\u00f3n sobre sus visitantes, as\u00ed como para ofrecer un correcto funcionamiento del sitio.<\/p><p>Mediante el uso de estos dispositivos se permite al servidor web recordar algunos datos referentes al usuario, como sus preferencias para la visualizaci\u00f3n de las p\u00e1ginas de este servidor, nombre y contrase\u00f1a, productos que m\u00e1s le interesan, etc.<\/p><p><strong>GALLETAS AFECTADAS POR LA NORMATIVA Y GALLETAS EXCEPTUADAS<\/strong><\/p><p>Seg\u00fan la directiva de la UE, las cookies que requieren el consentimiento informado por parte del usuario son las cookies anal\u00edticas y las de publicidad y afiliaci\u00f3n, y quedan exceptuadas las de car\u00e1cter t\u00e9cnico y las necesarias para el funcionamiento del sitio web o la prestaci\u00f3n de servicios expresamente solicitados por el usuario.<\/p><p><strong>TIPOS DE COOKIES<\/strong><\/p><p><span style=\"text-decoration: underline;\">SE\u00daN LA FINALIDAD<\/span><\/p><p><strong>Cookies t\u00e9cnicas y funcionales<\/strong>: son las que permiten al usuario navegar a trav\u00e9s de una p\u00e1gina web, plataforma o aplicaci\u00f3n y utilizar las diferentes opciones o servicios que haya.<\/p><p><strong>Cookies de an\u00e1lisis<\/strong>: son aquellas que permiten al responsable de estas monitorizar y analizar el comportamiento de los usuarios de los sitios web a los que est\u00e1n vinculados. La informaci\u00f3n recogida mediante este tipo de cookies se utiliza en la medici\u00f3n de la actividad de los sitios web, aplicaci\u00f3n o plataforma y para elaborar perfiles de navegaci\u00f3n de los usuarios de estos sitios, aplicaciones y plataformas, para introducir mejoras en funci\u00f3n del an\u00e1lisis de los datos de uso que hacen los usuarios del servicio.<\/p><p><strong>Cookies publicitarias<\/strong>son aquellas que permiten gestionar, de la manera m\u00e1s eficaz posible, los espacios publicitarios que, en su caso, el editor haya incluido en una p\u00e1gina web, aplicaci\u00f3n o plataforma desde la que presta el servicio solicitado seg\u00fan criterios como el contenido editado o la frecuencia con la que se muestran los anuncios.<br \/><br \/><strong>Cookies de publicidad conductual<\/strong>: recopilan informaci\u00f3n sobre las preferencias y elecciones personales del usuario (retargeting) para permitir gestionar, de la manera m\u00e1s eficaz posible, los espacios publicitarios que, en su caso, el editor haya incluido en una p\u00e1gina web, aplicaci\u00f3n o plataforma desde la que presta el servicio solicitado.<\/p><p><strong>Cookies sociales<\/strong>son aquellas que las plataformas de redes sociales han instalado en los Servicios para permitirle compartir contenido con sus amigos y redes. Las plataformas de redes sociales tienen la capacidad de rastrear su actividad en l\u00ednea fuera de los Servicios. Esto puede afectar el contenido y los mensajes que ve en otros servicios que visita.<\/p><p><strong>Cookies de afiliado<\/strong>permiten hacer un seguimiento de las visitas procedentes de otros sitios web con los que el sitio web establece un contrato de afiliaci\u00f3n (empresas de afiliaci\u00f3n).<\/p><p><strong>Galletas de seguridad<\/strong>almacenamos informaci\u00f3n cifrada para evitar que los datos que se guardan en ella sean vulnerables a ataques maliciosos de terceros.<\/p><\/div><div class=\"page\" title=\"P\u00e1gina 12\"><div class=\"layoutArea\"><div class=\"column\"><p><span style=\"text-decoration: underline;\">Seg\u00fan la propiedad<\/span><\/p><p><strong>Cookies propias<\/strong>son las que se env\u00edan al equipo terminal del usuario desde un equipo o dominio gestionado por el propio editor y desde el cual se proporciona el servicio solicitado por el usuario.<br \/><br \/><strong>Cookies de terceros<\/strong>: son las que se env\u00edan al equipo terminal del usuario desde un equipo o dominio que no es gestionado por el editor, sino por otra entidad que trata los datos obtenidos mediante las cookies.<\/p><p><span style=\"text-decoration: underline;\">SEG\u00daN EL T\u00c9RMINO DE CONSERVACI\u00d3N<\/span><\/p><p><strong>Cookies de sesi\u00f3n<\/strong>: son un tipo de cookies dise\u00f1adas para obtener y almacenar datos mientras el usuario accede a una p\u00e1gina web.<br \/><br \/><strong>Cookies persistentes<\/strong>son un tipo de cookies en que los datos siguen almacenados en el terminal y pueden ser accedidos y tratados durante un per\u00edodo definido por el responsable de la cookie, y que durar\u00e1 desde unos minutos hasta varios a\u00f1os.<\/p><div class=\"page\" title=\"P\u00e1gina 12\"><div class=\"layoutArea\"><div class=\"column\"><p><span style=\"text-decoration: underline;\">TRATAMIENTO DE DATOS PERSONALES<\/span><\/p><p>FRAME GIRONA SL es el <strong>Responsable del tratamiento<\/strong> de los datos personales de la\u2019<strong>Interesado<\/strong> y le informa de que estos datos ser\u00e1n tratados de conformidad con el Reglamento (UE) 2016\/679, de 27 de abril de 2016 (RGPD), por lo que le facilita la siguiente informaci\u00f3n sobre dicho tratamiento:<\/p><p><strong>Finalidades del tratamiento<\/strong>seg\u00fan se especifica en el apartado de cookies que se utilizan en este sitio web.<\/p><p><strong>Legitimaci\u00f3n del tratamiento<\/strong>: se tomar\u00e1n de los casos en que resulte necesario para la navegaci\u00f3n por la web, por consentimiento del interesado (art. 6.1.a RGPD).<br \/>Criterios de conservaci\u00f3n de los datos: seg\u00fan se especifica en el apartado de cookies utilizadas en la web.<\/p><p><strong>Comunicaci\u00f3n de los datos<\/strong>no se comunicar\u00e1n los datos a terceros, excepto en cookies propiedad de terceros o por obligaci\u00f3n legal.<\/p><p><strong>Derechos del Interesado<\/strong>:<\/p><p>\u2013 Derecho a retirar el consentimiento en cualquier momento.<br \/>- Derecho de acceso, rectificaci\u00f3n, portabilidad y supresi\u00f3n de sus datos y de limitaci\u00f3n u oposici\u00f3n a su tratamiento.<br \/>\u2013 Derecho a presentar una reclamaci\u00f3n ante la autoridad de control (www.aepd.es) si considera que el tratamiento no se ajusta a la normativa vigente.<\/p><p><strong>Datos de contacto para ejercer sus derechos:<\/strong><\/p><p>FRAME GIRONA SL. c\/ d\u2019Ull\u00e0 (Galeries Centre), 7 \u2013 17257 Torroella de Montgr\u00ed (Girona). Correo electr\u00f3nico: frame@framegirona.com<\/p><div class=\"page\" title=\"P\u00e1gina 12\"><div class=\"layoutArea\"><div class=\"column\"><p><strong>GALLETAS UTILIZADAS EN ESTE SITIO WEB<\/strong><\/p><\/div><\/div><\/div><\/div><\/div><\/div><\/div><\/div><\/div><\/div><\/div><\/div><\/div><\/div><\/div><\/div><\/div>\t\t\t\t\t\t\t\t<\/div>\n\t\t\t\t<\/div>\n\t\t\t\t<div class=\"elementor-element elementor-element-73184d5 elementor-widget elementor-widget-html\" data-id=\"73184d5\" data-element_type=\"widget\" data-e-type=\"widget\" data-widget_type=\"html.default\">\n\t\t\t\t<div class=\"elementor-widget-container\">\n\t\t\t\t\t<div class= \"cky-audit-table-element\"><\/div>\t\t\t\t<\/div>\n\t\t\t\t<\/div>\n\t\t\t\t<div class=\"elementor-element elementor-element-054640f elementor-widget elementor-widget-text-editor\" data-id=\"054640f\" data-element_type=\"widget\" data-e-type=\"widget\" data-widget_type=\"text-editor.default\">\n\t\t\t\t<div class=\"elementor-widget-container\">\n\t\t\t\t\t\t\t\t\t<div class=\"page\" title=\"P\u00e1gina 4\"><div class=\"layoutArea\"><div class=\"column\"><div class=\"page\" title=\"P\u00e1gina 8\"><div class=\"layoutArea\"><div class=\"column\"><div class=\"page\" title=\"P\u00e1gina 11\"><div class=\"layoutArea\"><div class=\"column\"><div class=\"page\" title=\"P\u00e1gina 13\"><div class=\"layoutArea\"><div class=\"column\"><p><strong>PANEL DE CONFIGURACI\u00d3N DE COOKIES<\/strong><\/p><div class=\"page\" title=\"P\u00e1gina 14\"><div class=\"layoutArea\"><div class=\"column\"><p>Desde este panel puede configurar las cookies que el sitio web puede instalar en su navegador, excepto las cookies t\u00e9cnicas o funcionales que son necesarias para la navegaci\u00f3n y la utilizaci\u00f3n de las diferentes opciones o servicios que se ofrecen. <\/p><p>Puede revisar su configuraci\u00f3n en cualquier momento en el bot\u00f3n inferior del lado izquierdo de la web \u201cPreferencias de consentimiento\u201d.<\/p><\/div><div class=\"page\" title=\"P\u00e1gina 14\"><table><tbody><tr><td colspan=\"3\" rowspan=\"1\"><div class=\"layoutArea\"><div class=\"column\"><p><strong>C\u00d3MO GESTIONAR LAS COOKIES DESDE EL NAVEGADOR<\/strong><\/p><\/div><\/div><\/td><\/tr><tr><td colspan=\"2\" rowspan=\"1\"><div class=\"layoutArea\"><div class=\"column\"><p>Eliminar las cookies del dispositivo<\/p><\/div><\/div><\/td><td><div class=\"layoutArea\"><div class=\"column\"><p>Las cookies que ya se encuentran en un dispositivo se pueden eliminar borrando el historial del navegador, de manera que se suprimen las cookies de todos los sitios web visitados.<br \/>No obstante, tambi\u00e9n se puede perder parte de la informaci\u00f3n deseada (por ejemplo, los datos de inicio de sesi\u00f3n o las preferencias de sitio web).<\/p><\/div><\/div><\/td><\/tr><tr><td colspan=\"2\" rowspan=\"1\"><div class=\"layoutArea\"><div class=\"column\"><p>Administrar las cookies espec\u00edficas del sitio<\/p><\/div><\/div><\/td><td><div class=\"layoutArea\"><div class=\"column\"><p>Para tener un control m\u00e1s preciso de las cookies espec\u00edficas de cada sitio, los usuarios pueden ajustar su configuraci\u00f3n de privacidad y cookies en el navegador.<\/p><\/div><\/div><\/td><\/tr><tr><td colspan=\"2\" rowspan=\"1\"><div class=\"layoutArea\"><div class=\"column\"><p>Bloquear las cookies<\/p><\/div><\/div><\/td><td><div class=\"layoutArea\"><div class=\"column\"><p>Aunque la mayor\u00eda de los navegadores modernos se pueden configurar para evitar que se instalen cookies en los dispositivos, esto puede obligar a ajustar manualmente determinadas preferencias cada vez que se visite un sitio o p\u00e1gina. Adem\u00e1s, algunos servicios y caracter\u00edsticas pueden no funcionar correctamente (por ejemplo, los inicios de sesi\u00f3n con perfil).<\/p><\/div><\/div><\/td><\/tr><tr><td colspan=\"3\" rowspan=\"1\"><div class=\"layoutArea\"><div class=\"column\"><p><strong>C\u00f3mo eliminar las cookies de los navegadores m\u00e1s comunes<\/strong><\/p><\/div><\/div><\/td><\/tr><tr><td><div class=\"layoutArea\"><div class=\"column\"><p>Chrome<\/p><\/div><\/div><\/td><td colspan=\"2\" rowspan=\"1\"><div class=\"layoutArea\"><div class=\"column\"><p>http:\/\/support.google.com\/chrome\/answer\/95647?hl=es<\/p><\/div><\/div><\/td><\/tr><tr><td><div class=\"layoutArea\"><div class=\"column\"><p>Borde<\/p><\/div><\/div><\/td><td colspan=\"2\" rowspan=\"1\"><div class=\"layoutArea\"><div class=\"column\"><p>https:\/\/support.microsoft.com\/es-es\/microsoft-edge\/eliminar-las-cookies-en-microsoft-edge-63947406-40ac-c3b8-57b9-2a946a29ae09<\/p><\/div><\/div><\/td><\/tr><tr><td><div class=\"layoutArea\"><div class=\"column\"><p>Explorador<\/p><\/div><\/div><\/td><td colspan=\"2\" rowspan=\"1\"><div class=\"layoutArea\"><div class=\"column\"><p>https:\/\/support.microsoft.com\/es-es\/help\/278835\/how-to-delete-cookie-files-in-internet-explorer<\/p><\/div><\/div><\/td><\/tr><tr><td><div class=\"layoutArea\"><div class=\"column\"><p>Firefox<\/p><\/div><\/div><\/td><td colspan=\"2\" rowspan=\"1\"><div class=\"layoutArea\"><div class=\"column\"><p>https:\/\/www.mozilla.org\/es-ES\/privacy\/websites\/#cookies<\/p><\/div><\/div><\/td><\/tr><tr><td><div class=\"layoutArea\"><div class=\"column\"><p>Safari<\/p><\/div><\/div><\/td><td colspan=\"2\" rowspan=\"1\"><div class=\"layoutArea\"><div class=\"column\"><p>https:\/\/support.apple.com\/es-es\/guide\/safari\/sfri11471\/mac<\/p><\/div><\/div><\/td><\/tr><tr><td><div class=\"layoutArea\"><div class=\"column\"><p>\u00d3pera<\/p><\/div><\/div><\/td><td colspan=\"2\" rowspan=\"1\"><div class=\"layoutArea\"><div class=\"column\"><p>https:\/\/help.opera.com\/en\/latest\/security-and-privacy\/#clearBrowsingData<\/p><\/div><\/div><\/td><\/tr><\/tbody><\/table><\/div><\/div><\/div><\/div><\/div><\/div><\/div><\/div><\/div><\/div><\/div><\/div><\/div><\/div><\/div>\t\t\t\t\t\t\t\t<\/div>\n\t\t\t\t<\/div>\n\t\t\t\t<\/div>\n\t\t\t\t\t<\/div>\n\t\t\t\t<\/div>\n\t\t\t\t<\/div>","protected":false},"excerpt":{"rendered":"<p>POL\u00cdTICA DE COOKIES INFORMACIO\u0301 SOBRE COOKIES D\u2019acord amb la Llei 34\/2002, de 11 de juliol, de serveis de la societat de la informacio\u0301 i de comerc\u0327 electro\u0300nic (LSSI), en relacio\u0301 amb el Reglament (UE) 2016\/679 de el Parlament Europeu i de Consell, de 27 de abril de 2016, General de Proteccio\u0301 de Dades (GDPR) i [&hellip;]<\/p>\n","protected":false},"author":1,"featured_media":0,"parent":0,"menu_order":0,"comment_status":"closed","ping_status":"closed","template":"","meta":{"footnotes":""},"class_list":["post-1438","page","type-page","status-publish","hentry"],"yoast_head":"<!-- This site is optimized with the Yoast SEO Premium plugin v24.2 (Yoast SEO v27.6) - https:\/\/yoast.com\/product\/yoast-seo-premium-wordpress\/ -->\n<title>Pol\u00edtica de cookies &#183; Frame Girona<\/title>\n<meta name=\"robots\" content=\"noindex, nofollow\" \/>\n<meta property=\"og:locale\" content=\"es_ES\" \/>\n<meta property=\"og:type\" content=\"article\" \/>\n<meta property=\"og:title\" content=\"Pol\u00edtica de cookies\" \/>\n<meta property=\"og:description\" content=\"POL\u00cdTICA DE COOKIES INFORMACIO\u0301 SOBRE COOKIES D\u2019acord amb la Llei 34\/2002, de 11 de juliol, de serveis de la societat de la informacio\u0301 i de comerc\u0327 electro\u0300nic (LSSI), en relacio\u0301 amb el Reglament (UE) 2016\/679 de el Parlament Europeu i de Consell, de 27 de abril de 2016, General de Proteccio\u0301 de Dades (GDPR) i [&hellip;]\" \/>\n<meta property=\"og:url\" content=\"https:\/\/framegirona.com\/es\/politica-de-cookies\/\" \/>\n<meta property=\"og:site_name\" content=\"Frame Girona\" \/>\n<meta property=\"article:publisher\" content=\"https:\/\/www.facebook.com\/framegirona\/\" \/>\n<meta property=\"article:modified_time\" content=\"2026-04-29T06:57:54+00:00\" \/>\n<meta property=\"og:image\" content=\"https:\/\/framegirona.com\/wp-content\/uploads\/2022\/09\/Logo-Frame.png\" \/>\n\t<meta property=\"og:image:width\" content=\"1748\" \/>\n\t<meta property=\"og:image:height\" content=\"1334\" \/>\n\t<meta property=\"og:image:type\" content=\"image\/png\" \/>\n<meta name=\"twitter:card\" content=\"summary_large_image\" \/>\n<meta name=\"twitter:label1\" content=\"Tiempo de lectura\" \/>\n\t<meta name=\"twitter:data1\" content=\"6 minutos\" \/>\n<script type=\"application\/ld+json\" class=\"yoast-schema-graph\">{\"@context\":\"https:\\\/\\\/schema.org\",\"@graph\":[{\"@type\":\"WebPage\",\"@id\":\"https:\\\/\\\/framegirona.com\\\/politica-de-cookies\\\/\",\"url\":\"https:\\\/\\\/framegirona.com\\\/politica-de-cookies\\\/\",\"name\":\"Pol\u00edtica de cookies &#183; Frame Girona\",\"isPartOf\":{\"@id\":\"https:\\\/\\\/framegirona.com\\\/#website\"},\"datePublished\":\"2020-10-07T10:35:59+00:00\",\"dateModified\":\"2026-04-29T06:57:54+00:00\",\"breadcrumb\":{\"@id\":\"https:\\\/\\\/framegirona.com\\\/politica-de-cookies\\\/#breadcrumb\"},\"inLanguage\":\"es\",\"potentialAction\":[{\"@type\":\"ReadAction\",\"target\":[\"https:\\\/\\\/framegirona.com\\\/politica-de-cookies\\\/\"]}]},{\"@type\":\"BreadcrumbList\",\"@id\":\"https:\\\/\\\/framegirona.com\\\/politica-de-cookies\\\/#breadcrumb\",\"itemListElement\":[{\"@type\":\"ListItem\",\"position\":1,\"name\":\"Home\",\"item\":\"https:\\\/\\\/framegirona.com\\\/\"},{\"@type\":\"ListItem\",\"position\":2,\"name\":\"Pol\u00edtica de cookies\"}]},{\"@type\":\"WebSite\",\"@id\":\"https:\\\/\\\/framegirona.com\\\/#website\",\"url\":\"https:\\\/\\\/framegirona.com\\\/\",\"name\":\"Frame Girona Ag\u00e8ncia de publicitat\",\"description\":\"Agencia de comunicaci\u00f3n y publicidad\",\"publisher\":{\"@id\":\"https:\\\/\\\/framegirona.com\\\/#organization\"},\"alternateName\":\"Agencia de publicidad y dise\u00f1o en Girona y Barcelona\",\"potentialAction\":[{\"@type\":\"SearchAction\",\"target\":{\"@type\":\"EntryPoint\",\"urlTemplate\":\"https:\\\/\\\/framegirona.com\\\/?s={search_term_string}\"},\"query-input\":{\"@type\":\"PropertyValueSpecification\",\"valueRequired\":true,\"valueName\":\"search_term_string\"}}],\"inLanguage\":\"es\"},{\"@type\":\"Organization\",\"@id\":\"https:\\\/\\\/framegirona.com\\\/#organization\",\"name\":\"Frame Girona SL Ag\u00e8ncia de publicitat\",\"alternateName\":\"Frame Girona Comunicaci\u00f3, publicitat i disseny\",\"url\":\"https:\\\/\\\/framegirona.com\\\/\",\"logo\":{\"@type\":\"ImageObject\",\"inLanguage\":\"es\",\"@id\":\"https:\\\/\\\/framegirona.com\\\/#\\\/schema\\\/logo\\\/image\\\/\",\"url\":\"https:\\\/\\\/framegirona.com\\\/wp-content\\\/uploads\\\/2022\\\/09\\\/Logo-Frame.png\",\"contentUrl\":\"https:\\\/\\\/framegirona.com\\\/wp-content\\\/uploads\\\/2022\\\/09\\\/Logo-Frame.png\",\"width\":1748,\"height\":1334,\"caption\":\"Frame Girona SL Ag\u00e8ncia de publicitat\"},\"image\":{\"@id\":\"https:\\\/\\\/framegirona.com\\\/#\\\/schema\\\/logo\\\/image\\\/\"},\"sameAs\":[\"https:\\\/\\\/www.facebook.com\\\/framegirona\\\/\",\"https:\\\/\\\/www.linkedin.com\\\/company\\\/frame-girona\",\"https:\\\/\\\/www.instagram.com\\\/framegirona\\\/\"],\"description\":\"Ag\u00e8ncia de publicitat a Girona i la Costa Brava, especialitzats en disseny gr\u00e0fic, disseny i programaci\u00f3 web, posicionament de p\u00e0gines web i publicitat i comunicaci\u00f3 per empreses.\",\"email\":\"frame@framegirona.com\",\"telephone\":\"972 20 58 65\",\"legalName\":\"Frame Girona SL\",\"foundingDate\":\"1998-05-23\",\"numberOfEmployees\":{\"@type\":\"QuantitativeValue\",\"minValue\":\"1\",\"maxValue\":\"10\"},\"publishingPrinciples\":\"https:\\\/\\\/framegirona.com\\\/\",\"ownershipFundingInfo\":\"https:\\\/\\\/framegirona.com\\\/avis-legal\\\/\"}]}<\/script>\n<!-- \/ Yoast SEO Premium plugin. -->","yoast_head_json":{"title":"Pol\u00edtica de cookies &#183; Frame Girona","robots":{"index":"noindex","follow":"nofollow"},"og_locale":"es_ES","og_type":"article","og_title":"Pol\u00edtica de cookies","og_description":"POL\u00cdTICA DE COOKIES INFORMACIO\u0301 SOBRE COOKIES D\u2019acord amb la Llei 34\/2002, de 11 de juliol, de serveis de la societat de la informacio\u0301 i de comerc\u0327 electro\u0300nic (LSSI), en relacio\u0301 amb el Reglament (UE) 2016\/679 de el Parlament Europeu i de Consell, de 27 de abril de 2016, General de Proteccio\u0301 de Dades (GDPR) i [&hellip;]","og_url":"https:\/\/framegirona.com\/es\/politica-de-cookies\/","og_site_name":"Frame Girona","article_publisher":"https:\/\/www.facebook.com\/framegirona\/","article_modified_time":"2026-04-29T06:57:54+00:00","og_image":[{"width":1748,"height":1334,"url":"https:\/\/framegirona.com\/wp-content\/uploads\/2022\/09\/Logo-Frame.png","type":"image\/png"}],"twitter_card":"summary_large_image","twitter_misc":{"Tiempo de lectura":"6 minutos"},"schema":{"@context":"https:\/\/schema.org","@graph":[{"@type":"WebPage","@id":"https:\/\/framegirona.com\/politica-de-cookies\/","url":"https:\/\/framegirona.com\/politica-de-cookies\/","name":"Pol\u00edtica de cookies &#183; Frame Girona","isPartOf":{"@id":"https:\/\/framegirona.com\/#website"},"datePublished":"2020-10-07T10:35:59+00:00","dateModified":"2026-04-29T06:57:54+00:00","breadcrumb":{"@id":"https:\/\/framegirona.com\/politica-de-cookies\/#breadcrumb"},"inLanguage":"es","potentialAction":[{"@type":"ReadAction","target":["https:\/\/framegirona.com\/politica-de-cookies\/"]}]},{"@type":"BreadcrumbList","@id":"https:\/\/framegirona.com\/politica-de-cookies\/#breadcrumb","itemListElement":[{"@type":"ListItem","position":1,"name":"Home","item":"https:\/\/framegirona.com\/"},{"@type":"ListItem","position":2,"name":"Pol\u00edtica de cookies"}]},{"@type":"WebSite","@id":"https:\/\/framegirona.com\/#website","url":"https:\/\/framegirona.com\/","name":"Frame Girona Agencia de publicidad","description":"Agencia de comunicaci\u00f3n y publicidad","publisher":{"@id":"https:\/\/framegirona.com\/#organization"},"alternateName":"Agencia de publicidad y dise\u00f1o en Girona y Barcelona","potentialAction":[{"@type":"SearchAction","target":{"@type":"EntryPoint","urlTemplate":"https:\/\/framegirona.com\/?s={search_term_string}"},"query-input":{"@type":"PropertyValueSpecification","valueRequired":true,"valueName":"search_term_string"}}],"inLanguage":"es"},{"@type":"Organization","@id":"https:\/\/framegirona.com\/#organization","name":"Frame Girona SL Agencia de publicidad","alternateName":"Frame Girona Comunicaci\u00f3, publicitat i disseny","url":"https:\/\/framegirona.com\/","logo":{"@type":"ImageObject","inLanguage":"es","@id":"https:\/\/framegirona.com\/#\/schema\/logo\/image\/","url":"https:\/\/framegirona.com\/wp-content\/uploads\/2022\/09\/Logo-Frame.png","contentUrl":"https:\/\/framegirona.com\/wp-content\/uploads\/2022\/09\/Logo-Frame.png","width":1748,"height":1334,"caption":"Frame Girona SL Ag\u00e8ncia de publicitat"},"image":{"@id":"https:\/\/framegirona.com\/#\/schema\/logo\/image\/"},"sameAs":["https:\/\/www.facebook.com\/framegirona\/","https:\/\/www.linkedin.com\/company\/frame-girona","https:\/\/www.instagram.com\/framegirona\/"],"description":"Agencia de publicidad en Girona y la Costa Brava, especializados en dise\u00f1o gr\u00e1fico, dise\u00f1o y programaci\u00f3n web, posicionamiento de p\u00e1ginas web y publicidad y comunicaci\u00f3n por empresas.","email":"frame@framegirona.com","telephone":"972 20 58 65","legalName":"Frame Girona SL","foundingDate":"1998-05-23","numberOfEmployees":{"@type":"QuantitativeValue","minValue":"1","maxValue":"10"},"publishingPrinciples":"https:\/\/framegirona.com\/","ownershipFundingInfo":"https:\/\/framegirona.com\/avis-legal\/"}]}},"_links":{"self":[{"href":"https:\/\/framegirona.com\/es\/wp-json\/wp\/v2\/pages\/1438","targetHints":{"allow":["GET"]}}],"collection":[{"href":"https:\/\/framegirona.com\/es\/wp-json\/wp\/v2\/pages"}],"about":[{"href":"https:\/\/framegirona.com\/es\/wp-json\/wp\/v2\/types\/page"}],"author":[{"embeddable":true,"href":"https:\/\/framegirona.com\/es\/wp-json\/wp\/v2\/users\/1"}],"replies":[{"embeddable":true,"href":"https:\/\/framegirona.com\/es\/wp-json\/wp\/v2\/comments?post=1438"}],"version-history":[{"count":3,"href":"https:\/\/framegirona.com\/es\/wp-json\/wp\/v2\/pages\/1438\/revisions"}],"predecessor-version":[{"id":13842,"href":"https:\/\/framegirona.com\/es\/wp-json\/wp\/v2\/pages\/1438\/revisions\/13842"}],"wp:attachment":[{"href":"https:\/\/framegirona.com\/es\/wp-json\/wp\/v2\/media?parent=1438"}],"curies":[{"name":"wp","href":"https:\/\/api.w.org\/{rel}","templated":true}]}}