{"id":1434,"date":"2020-10-07T12:19:50","date_gmt":"2020-10-07T10:19:50","guid":{"rendered":"https:\/\/www.framegirona.com\/?page_id=1434"},"modified":"2026-04-28T14:15:36","modified_gmt":"2026-04-28T12:15:36","slug":"avis-legal","status":"publish","type":"page","link":"https:\/\/framegirona.com\/es\/avis-legal\/","title":{"rendered":"Aviso legal"},"content":{"rendered":"<div data-elementor-type=\"wp-page\" data-elementor-id=\"1434\" class=\"elementor elementor-1434\" data-elementor-post-type=\"page\">\n\t\t\t\t<div class=\"elementor-element elementor-element-8665d3a e-flex e-con-boxed e-con e-parent\" data-id=\"8665d3a\" data-element_type=\"container\" data-e-type=\"container\">\n\t\t\t\t\t<div class=\"e-con-inner\">\n\t\t<div class=\"elementor-element elementor-element-da38ef0 e-con-full e-flex e-con e-child\" data-id=\"da38ef0\" data-element_type=\"container\" data-e-type=\"container\">\n\t\t\t\t<div class=\"elementor-element elementor-element-cb496ae elementor-widget elementor-widget-heading\" data-id=\"cb496ae\" data-element_type=\"widget\" data-e-type=\"widget\" data-widget_type=\"heading.default\">\n\t\t\t\t<div class=\"elementor-widget-container\">\n\t\t\t\t\t<h1 class=\"elementor-heading-title elementor-size-default\">AVISO LEGAL<\/h1>\t\t\t\t<\/div>\n\t\t\t\t<\/div>\n\t\t\t\t<div class=\"elementor-element elementor-element-7b0b391 elementor-widget elementor-widget-text-editor\" data-id=\"7b0b391\" data-element_type=\"widget\" data-e-type=\"widget\" data-widget_type=\"text-editor.default\">\n\t\t\t\t<div class=\"elementor-widget-container\">\n\t\t\t\t\t\t\t\t\t<div class=\"page\" title=\"P\u00e1gina 4\"><div class=\"layoutArea\"><div class=\"column\"><p><strong>LEY DE SERVICIOS DE LA SOCIEDAD DE LA INFORMACI\u00d3N (LSSI)<\/strong><\/p><p>FRAME GIRONA SL, responsable del sitio web, de ahora en adelante el RESPONSABLE, pone a disposici\u00f3n de los usuarios este documento, con el que pretende hacer cumplir las obligaciones que establece la Ley 34\/2002, de 11 de julio, de Servicios de la Sociedad de la Informaci\u00f3n y de Comercio Electr\u00f3nico (LSSICE), BOE n.\u00ba 166, as\u00ed como informar a todos los usuarios del sitio web sobre cu\u00e1les son las condiciones de uso.<\/p><p>Cualquier persona que acceda a este sitio web asume el rol de usuario y se compromete a la observancia y cumplimiento riguroso de las disposiciones que en \u00e9l se establecen, as\u00ed como a cualquier otra disposici\u00f3n legal que le sea aplicable. FRAME GIRONA SL se reserva el derecho de modificar cualquier tipo de informaci\u00f3n que pueda aparecer en el sitio web, sin la obligaci\u00f3n de preavisar o informar a los usuarios de estas obligaciones, dado que se considera suficiente la publicaci\u00f3n en el sitio web de FRAME GIRONA SL.<\/p><p><strong>1. DATOS IDENTIFICADORES<\/strong><\/p><p>Nombre de dominio: www.framegirona.com <br \/>Nombre comercial: frame Girona<br \/>Denominaci\u00f3n social: FRAME GIRONA SL <br \/>NIF: B17734922<br \/>Domicilio social: C\/ d\u2019Ull\u00e0, 7 (Galeries Centre) 17257-Torroella de Montgr\u00ed-Girona <br \/>Tel\u00e9fono: 972205865<br \/>Correo electr\u00f3nico: frame@framegirona.com<br \/>Registre Mercantil de Girona Volum 1897 Foli 53 Secci\u00f3 8 Full GI 31564<\/p><p><strong>2. DERECHOS DE PROPIEDAD INTELECTUAL E INDUSTRIAL<\/strong><\/p><p>El sitio web, incluyendo a t\u00edtulo enunciativo pero no limitativo su programaci\u00f3n, edici\u00f3n, compilaci\u00f3n y otros elementos necesarios para su funcionamiento, los dise\u00f1os, logotipos, texto y\/o gr\u00e1ficos, son propiedad del RESPONSABLE o, en su caso, dispone de licencia o autorizaci\u00f3n expresa por parte de los autores. Todos los contenidos del sitio web se encuentran debidamente protegidos por la normativa de propiedad intelectual e industrial, as\u00ed como inscritos en los registros p\u00fablicos correspondientes.<\/p><p>Independientemente de la finalidad para la que fueran destinados, la reproducci\u00f3n total o parcial, uso, explotaci\u00f3n, distribuci\u00f3n y comercializaci\u00f3n, requiere en todo caso la autorizaci\u00f3n escrita previa por parte del RESPONSABLE. Cualquier uso no autorizado previamente se considera un incumplimiento grave de los derechos de propiedad intelectual o industrial del autor.<\/p><p>Los dise\u00f1os, logotipos, texto y\/o gr\u00e1ficos ajenos al RESPONSABLE y que puedan aparecer en el sitio web, pertenecen a sus respectivos propietarios, quienes son responsables de cualquier posible controversia que se desprenda de ellos. El RESPONSABLE autoriza expresamente que terceros puedan redirigir directamente a los contenidos concretos del sitio web, y en todo caso redirigir al sitio web principal de www.framegirona.com.<\/p><p>El RESPONSABLE reconoce a favor de sus titulares los correspondientes derechos de propiedad intelectual e industrial, sin que su mera menci\u00f3n o aparici\u00f3n en el sitio web implique la existencia de derechos o responsabilidad sobre los mismos, ni el apoyo, patrocinio o recomendaci\u00f3n por parte del RESPONSABLE.<br \/>Para efectuar cualquier tipo de observaci\u00f3n con respecto a posibles incumplimientos de los derechos de propiedad intelectual o industrial, as\u00ed como sobre cualquiera de los contenidos del sitio web, puede hacerlo a trav\u00e9s del correo <span style=\"font-family: -apple-system, BlinkMacSystemFont, 'Segoe UI', Roboto, 'Helvetica Neue', Arial, 'Noto Sans', sans-serif, 'Apple Color Emoji', 'Segoe UI Emoji', 'Segoe UI Symbol', 'Noto Color Emoji';\">electr\u00f3nico frame@framegirona.com.<\/span><\/p><div class=\"page\" title=\"P\u00e1gina 5\"><div class=\"layoutArea\"><div class=\"column\"><p><strong>3. EXENCI\u00d3N DE RESPONSABILIDAD<\/strong><\/p><p>El RESPONSABLE se exime de cualquier tipo de responsabilidad derivada de la informaci\u00f3n publicada en su sitio web siempre que no tenga conocimiento efectivo de que esta informaci\u00f3n haya sido manipulada o introducida por un tercero ajeno a la misma o, si lo tiene, haya actuado con diligencia para retirar los datos o hacer imposible el acceso a ellos.<\/p><div class=\"page\" title=\"P\u00e1gina 5\"><div class=\"layoutArea\"><div class=\"column\"><p><strong>Uso de Cookies<\/strong><\/p><p>Este sitio web puede utilizar cookies t\u00e9cnicas (peque\u00f1os archivos de informaci\u00f3n que el servidor env\u00eda al ordenador de quien accede a la p\u00e1gina) para llevar a cabo determinadas funciones que se consideran imprescindibles para el correcto funcionamiento y visualizaci\u00f3n del sitio web. Las cookies utilizadas tienen, en cualquier caso, car\u00e1cter temporal, con la \u00fanica finalidad de hacer la navegaci\u00f3n m\u00e1s eficiente, y desaparecen al finalizar la sesi\u00f3n del usuario. En ning\u00fan caso, estas cookies proporcionan por s\u00ed mismas datos de car\u00e1cter personal y no se utilizar\u00e1n para recopilar datos de este tipo.<\/p><p>Mediante el uso de cookies tambi\u00e9n es posible que el servidor donde se encuentra la web reconozca el navegador que utiliza el usuario, con la finalidad de que la navegaci\u00f3n sea m\u00e1s sencilla, permitiendo, por ejemplo, el acceso de los usuarios que se hayan registrado previamente a las \u00e1reas, servicios, promociones o concursos reservados exclusivamente a ellos sin tener que registrarse en cada visita. Tambi\u00e9n se pueden utilizar para medir la audiencia, par\u00e1metros de tr\u00e1fico, controlar el progreso y el n\u00famero de entradas, etc. En estos casos, las cookies son prescindibles t\u00e9cnicamente pero beneficiosas para el usuario. Este sitio web no instalar\u00e1 cookies prescindibles sin el consentimiento previo del usuario.<\/p><p>Esta p\u00e1gina web utiliza cookies anal\u00edticas para habilitar la funci\u00f3n de control de visitas \u00fanicas con la finalidad de facilitarles la navegaci\u00f3n. Se informa a todos los usuarios que visitan la web del uso de estas cookies mediante un banner flotante, considerando que si aceptan el tratamiento est\u00e1n de acuerdo con su uso. En caso de aceptar su uso, el banner desaparecer\u00e1, aunque en todo momento podr\u00e1n revocar el consentimiento y obtener m\u00e1s informaci\u00f3n consultando nuestra Pol\u00edtica de cookies.<\/p><p>El usuario tiene la posibilidad de configurar su navegador para ser alertado de la recepci\u00f3n de cookies e impedir su instalaci\u00f3n en su equipo. Por favor, consulte las instrucciones de su navegador para ampliar esta informaci\u00f3n.<\/p><p><strong>Pol\u00edtica de enlaces<\/strong><\/p><p>Desde el sitio web, es posible que se redirija a contenidos de terceros sitios web. Dado que el RESPONSABLE no puede controlar siempre los contenidos introducidos por terceros en sus sitios web respectivos, no asume ning\u00fan tipo de responsabilidad respecto de estos contenidos. En cualquier caso, retirar\u00e1 inmediatamente cualquier contenido que pueda transgredir la legislaci\u00f3n nacional o internacional, la moral o el orden p\u00fablico, retirando inmediatamente la redirecci\u00f3n a este sitio web y enterando a las autoridades competentes del contenido en cuesti\u00f3n.<\/p><p>El RESPONSABLE no se hace responsable de la informaci\u00f3n y contenidos almacenados, a t\u00edtulo enunciativo pero no limitativo, en foros, chats, generadores de blogs, comentarios, redes sociales o cualquier otro medio que permita a terceros publicar contenidos de forma independiente en la p\u00e1gina web del RESPONSABLE. No obstante, y en cumplimiento de lo establecido en los art\u00edculos 11 y 16 de la LSSICE, se pone a disposici\u00f3n de todos los usuarios, autoridades y fuerzas de seguridad que colaboren de manera activa en la retirada o, en su caso, bloqueo de todos los contenidos que puedan afectar o transgredir la legislaci\u00f3n nacional o internacional, los derechos de terceros o la moral y el orden p\u00fablico. En caso de que el usuario considere que el sitio web contiene material que pueda ser susceptible de esta clasificaci\u00f3n, le rogamos que lo notifique inmediatamente al administrador del sitio web.<\/p><p>Este sitio web ha sido revisado y probado para que funcione correctamente. En principio, se puede garantizar que funcionar\u00e1 correctamente los 365 d\u00edas del a\u00f1o y las 24 horas del d\u00eda. No obstante, el RESPONSABLE no descarta la posibilidad de que se produzcan errores de programaci\u00f3n, o que tengan lugar causas de fuerza mayor, cat\u00e1strofes naturales, huelgas o circunstancias similares que hagan imposible el acceso a la p\u00e1gina web.<\/p><p><strong>Direcciones IP<\/strong><\/p><p>Los servidores del sitio web podr\u00e1n detectar autom\u00e1ticamente la direcci\u00f3n IP y el nombre de dominio utilizados por el usuario.<\/p><div class=\"page\" title=\"P\u00e1gina 6\"><div class=\"layoutArea\"><div class=\"column\"><p>Una direcci\u00f3n IP es un n\u00famero asignado autom\u00e1ticamente a un ordenador as\u00ed que se conecta a Internet. Toda esta informaci\u00f3n queda registrada en un archivo de actividad del servidor debidamente inscrito que permite procesar los datos posteriormente con el fin de obtener mediciones \u00fanicamente estad\u00edsticas que permitan conocer el n\u00famero de impresiones de p\u00e1ginas, el n\u00famero de visitas efectuadas a los servidores web, el orden de visitas, el punto de acceso, etc.<\/p><p><strong>4. LEY APLICABLE Y JURISDICCI\u00d3N<\/strong><\/p><p>Para la resoluci\u00f3n de todas las controversias o cuestiones relacionadas con este sitio web o de las actividades que se lleven a cabo en \u00e9l, se aplicar\u00e1 la legislaci\u00f3n espa\u00f1ola, a la cual se someten expresamente las partes, quienes tendr\u00e1n competencia suficiente para la resoluci\u00f3n de todos los conflictos derivados o relacionados con su uso los Juzgados y Tribunales del domicilio del USUARIO o el lugar de cumplimiento de la obligaci\u00f3n.<\/p><\/div><\/div><\/div><\/div><\/div><\/div><\/div><\/div><\/div><\/div><\/div><\/div>\t\t\t\t\t\t\t\t<\/div>\n\t\t\t\t<\/div>\n\t\t\t\t<\/div>\n\t\t\t\t\t<\/div>\n\t\t\t\t<\/div>\n\t\t\t\t<\/div>","protected":false},"excerpt":{"rendered":"<p>AV\u00cdS LEGAL LLEI DELS SERVEIS DE LA SOCIETAT DE LA INFORMACIO\u0301 (LSSI) FRAME GIRONA SL, responsable del lloc web, d\u2019ara endavant el RESPONSABLE, posa a disposicio\u0301 dels usuaris aquest document, amb el qual prete\u0301n fer complir les obligacions que estableix la Llei 34\/2002, de 11 de juliol, de Serveis de la Societat de la Informacio\u0301 [&hellip;]<\/p>\n","protected":false},"author":1,"featured_media":0,"parent":0,"menu_order":0,"comment_status":"closed","ping_status":"closed","template":"","meta":{"footnotes":""},"class_list":["post-1434","page","type-page","status-publish","hentry"],"yoast_head":"<!-- This site is optimized with the Yoast SEO Premium plugin v24.2 (Yoast SEO v27.6) - https:\/\/yoast.com\/product\/yoast-seo-premium-wordpress\/ -->\n<title>Av\u00eds legal &#183; Frame Girona<\/title>\n<meta name=\"robots\" content=\"noindex, nofollow\" \/>\n<meta property=\"og:locale\" content=\"es_ES\" \/>\n<meta property=\"og:type\" content=\"article\" \/>\n<meta property=\"og:title\" content=\"Av\u00eds legal\" \/>\n<meta property=\"og:description\" content=\"AV\u00cdS LEGAL LLEI DELS SERVEIS DE LA SOCIETAT DE LA INFORMACIO\u0301 (LSSI) FRAME GIRONA SL, responsable del lloc web, d\u2019ara endavant el RESPONSABLE, posa a disposicio\u0301 dels usuaris aquest document, amb el qual prete\u0301n fer complir les obligacions que estableix la Llei 34\/2002, de 11 de juliol, de Serveis de la Societat de la Informacio\u0301 [&hellip;]\" \/>\n<meta property=\"og:url\" content=\"https:\/\/framegirona.com\/es\/avis-legal\/\" \/>\n<meta property=\"og:site_name\" content=\"Frame Girona\" \/>\n<meta property=\"article:publisher\" content=\"https:\/\/www.facebook.com\/framegirona\/\" \/>\n<meta property=\"article:modified_time\" content=\"2026-04-28T12:15:36+00:00\" \/>\n<meta property=\"og:image\" content=\"https:\/\/framegirona.com\/wp-content\/uploads\/2022\/09\/Logo-Frame.png\" \/>\n\t<meta property=\"og:image:width\" content=\"1748\" \/>\n\t<meta property=\"og:image:height\" content=\"1334\" \/>\n\t<meta property=\"og:image:type\" content=\"image\/png\" \/>\n<meta name=\"twitter:card\" content=\"summary_large_image\" \/>\n<meta name=\"twitter:label1\" content=\"Tiempo de lectura\" \/>\n\t<meta name=\"twitter:data1\" content=\"8 minutos\" \/>\n<script type=\"application\/ld+json\" class=\"yoast-schema-graph\">{\"@context\":\"https:\\\/\\\/schema.org\",\"@graph\":[{\"@type\":\"WebPage\",\"@id\":\"https:\\\/\\\/framegirona.com\\\/avis-legal\\\/\",\"url\":\"https:\\\/\\\/framegirona.com\\\/avis-legal\\\/\",\"name\":\"Av\u00eds legal &#183; Frame Girona\",\"isPartOf\":{\"@id\":\"https:\\\/\\\/framegirona.com\\\/#website\"},\"datePublished\":\"2020-10-07T10:19:50+00:00\",\"dateModified\":\"2026-04-28T12:15:36+00:00\",\"breadcrumb\":{\"@id\":\"https:\\\/\\\/framegirona.com\\\/avis-legal\\\/#breadcrumb\"},\"inLanguage\":\"es\",\"potentialAction\":[{\"@type\":\"ReadAction\",\"target\":[\"https:\\\/\\\/framegirona.com\\\/avis-legal\\\/\"]}]},{\"@type\":\"BreadcrumbList\",\"@id\":\"https:\\\/\\\/framegirona.com\\\/avis-legal\\\/#breadcrumb\",\"itemListElement\":[{\"@type\":\"ListItem\",\"position\":1,\"name\":\"Home\",\"item\":\"https:\\\/\\\/framegirona.com\\\/\"},{\"@type\":\"ListItem\",\"position\":2,\"name\":\"Av\u00eds legal\"}]},{\"@type\":\"WebSite\",\"@id\":\"https:\\\/\\\/framegirona.com\\\/#website\",\"url\":\"https:\\\/\\\/framegirona.com\\\/\",\"name\":\"Frame Girona Ag\u00e8ncia de publicitat\",\"description\":\"Agencia de comunicaci\u00f3n y publicidad\",\"publisher\":{\"@id\":\"https:\\\/\\\/framegirona.com\\\/#organization\"},\"alternateName\":\"Agencia de publicidad y dise\u00f1o en Girona y Barcelona\",\"potentialAction\":[{\"@type\":\"SearchAction\",\"target\":{\"@type\":\"EntryPoint\",\"urlTemplate\":\"https:\\\/\\\/framegirona.com\\\/?s={search_term_string}\"},\"query-input\":{\"@type\":\"PropertyValueSpecification\",\"valueRequired\":true,\"valueName\":\"search_term_string\"}}],\"inLanguage\":\"es\"},{\"@type\":\"Organization\",\"@id\":\"https:\\\/\\\/framegirona.com\\\/#organization\",\"name\":\"Frame Girona SL Ag\u00e8ncia de publicitat\",\"alternateName\":\"Frame Girona Comunicaci\u00f3, publicitat i disseny\",\"url\":\"https:\\\/\\\/framegirona.com\\\/\",\"logo\":{\"@type\":\"ImageObject\",\"inLanguage\":\"es\",\"@id\":\"https:\\\/\\\/framegirona.com\\\/#\\\/schema\\\/logo\\\/image\\\/\",\"url\":\"https:\\\/\\\/framegirona.com\\\/wp-content\\\/uploads\\\/2022\\\/09\\\/Logo-Frame.png\",\"contentUrl\":\"https:\\\/\\\/framegirona.com\\\/wp-content\\\/uploads\\\/2022\\\/09\\\/Logo-Frame.png\",\"width\":1748,\"height\":1334,\"caption\":\"Frame Girona SL Ag\u00e8ncia de publicitat\"},\"image\":{\"@id\":\"https:\\\/\\\/framegirona.com\\\/#\\\/schema\\\/logo\\\/image\\\/\"},\"sameAs\":[\"https:\\\/\\\/www.facebook.com\\\/framegirona\\\/\",\"https:\\\/\\\/www.linkedin.com\\\/company\\\/frame-girona\",\"https:\\\/\\\/www.instagram.com\\\/framegirona\\\/\"],\"description\":\"Ag\u00e8ncia de publicitat a Girona i la Costa Brava, especialitzats en disseny gr\u00e0fic, disseny i programaci\u00f3 web, posicionament de p\u00e0gines web i publicitat i comunicaci\u00f3 per empreses.\",\"email\":\"frame@framegirona.com\",\"telephone\":\"972 20 58 65\",\"legalName\":\"Frame Girona SL\",\"foundingDate\":\"1998-05-23\",\"numberOfEmployees\":{\"@type\":\"QuantitativeValue\",\"minValue\":\"1\",\"maxValue\":\"10\"},\"publishingPrinciples\":\"https:\\\/\\\/framegirona.com\\\/\",\"ownershipFundingInfo\":\"https:\\\/\\\/framegirona.com\\\/avis-legal\\\/\"}]}<\/script>\n<!-- \/ Yoast SEO Premium plugin. -->","yoast_head_json":{"title":"Aviso legal \u00b7 Frame Girona","robots":{"index":"noindex","follow":"nofollow"},"og_locale":"es_ES","og_type":"article","og_title":"Av\u00eds legal","og_description":"AV\u00cdS LEGAL LLEI DELS SERVEIS DE LA SOCIETAT DE LA INFORMACIO\u0301 (LSSI) FRAME GIRONA SL, responsable del lloc web, d\u2019ara endavant el RESPONSABLE, posa a disposicio\u0301 dels usuaris aquest document, amb el qual prete\u0301n fer complir les obligacions que estableix la Llei 34\/2002, de 11 de juliol, de Serveis de la Societat de la Informacio\u0301 [&hellip;]","og_url":"https:\/\/framegirona.com\/es\/avis-legal\/","og_site_name":"Frame Girona","article_publisher":"https:\/\/www.facebook.com\/framegirona\/","article_modified_time":"2026-04-28T12:15:36+00:00","og_image":[{"width":1748,"height":1334,"url":"https:\/\/framegirona.com\/wp-content\/uploads\/2022\/09\/Logo-Frame.png","type":"image\/png"}],"twitter_card":"summary_large_image","twitter_misc":{"Tiempo de lectura":"8 minutos"},"schema":{"@context":"https:\/\/schema.org","@graph":[{"@type":"WebPage","@id":"https:\/\/framegirona.com\/avis-legal\/","url":"https:\/\/framegirona.com\/avis-legal\/","name":"Aviso legal \u00b7 Frame Girona","isPartOf":{"@id":"https:\/\/framegirona.com\/#website"},"datePublished":"2020-10-07T10:19:50+00:00","dateModified":"2026-04-28T12:15:36+00:00","breadcrumb":{"@id":"https:\/\/framegirona.com\/avis-legal\/#breadcrumb"},"inLanguage":"es","potentialAction":[{"@type":"ReadAction","target":["https:\/\/framegirona.com\/avis-legal\/"]}]},{"@type":"BreadcrumbList","@id":"https:\/\/framegirona.com\/avis-legal\/#breadcrumb","itemListElement":[{"@type":"ListItem","position":1,"name":"Home","item":"https:\/\/framegirona.com\/"},{"@type":"ListItem","position":2,"name":"Av\u00eds legal"}]},{"@type":"WebSite","@id":"https:\/\/framegirona.com\/#website","url":"https:\/\/framegirona.com\/","name":"Frame Girona Agencia de publicidad","description":"Agencia de comunicaci\u00f3n y publicidad","publisher":{"@id":"https:\/\/framegirona.com\/#organization"},"alternateName":"Agencia de publicidad y dise\u00f1o en Girona y Barcelona","potentialAction":[{"@type":"SearchAction","target":{"@type":"EntryPoint","urlTemplate":"https:\/\/framegirona.com\/?s={search_term_string}"},"query-input":{"@type":"PropertyValueSpecification","valueRequired":true,"valueName":"search_term_string"}}],"inLanguage":"es"},{"@type":"Organization","@id":"https:\/\/framegirona.com\/#organization","name":"Frame Girona SL Agencia de publicidad","alternateName":"Frame Girona Comunicaci\u00f3, publicitat i disseny","url":"https:\/\/framegirona.com\/","logo":{"@type":"ImageObject","inLanguage":"es","@id":"https:\/\/framegirona.com\/#\/schema\/logo\/image\/","url":"https:\/\/framegirona.com\/wp-content\/uploads\/2022\/09\/Logo-Frame.png","contentUrl":"https:\/\/framegirona.com\/wp-content\/uploads\/2022\/09\/Logo-Frame.png","width":1748,"height":1334,"caption":"Frame Girona SL Ag\u00e8ncia de publicitat"},"image":{"@id":"https:\/\/framegirona.com\/#\/schema\/logo\/image\/"},"sameAs":["https:\/\/www.facebook.com\/framegirona\/","https:\/\/www.linkedin.com\/company\/frame-girona","https:\/\/www.instagram.com\/framegirona\/"],"description":"Agencia de publicidad en Girona y la Costa Brava, especializados en dise\u00f1o gr\u00e1fico, dise\u00f1o y programaci\u00f3n web, posicionamiento de p\u00e1ginas web y publicidad y comunicaci\u00f3n por empresas.","email":"frame@framegirona.com","telephone":"972 20 58 65","legalName":"Frame Girona SL","foundingDate":"1998-05-23","numberOfEmployees":{"@type":"QuantitativeValue","minValue":"1","maxValue":"10"},"publishingPrinciples":"https:\/\/framegirona.com\/","ownershipFundingInfo":"https:\/\/framegirona.com\/avis-legal\/"}]}},"_links":{"self":[{"href":"https:\/\/framegirona.com\/es\/wp-json\/wp\/v2\/pages\/1434","targetHints":{"allow":["GET"]}}],"collection":[{"href":"https:\/\/framegirona.com\/es\/wp-json\/wp\/v2\/pages"}],"about":[{"href":"https:\/\/framegirona.com\/es\/wp-json\/wp\/v2\/types\/page"}],"author":[{"embeddable":true,"href":"https:\/\/framegirona.com\/es\/wp-json\/wp\/v2\/users\/1"}],"replies":[{"embeddable":true,"href":"https:\/\/framegirona.com\/es\/wp-json\/wp\/v2\/comments?post=1434"}],"version-history":[{"count":0,"href":"https:\/\/framegirona.com\/es\/wp-json\/wp\/v2\/pages\/1434\/revisions"}],"wp:attachment":[{"href":"https:\/\/framegirona.com\/es\/wp-json\/wp\/v2\/media?parent=1434"}],"curies":[{"name":"wp","href":"https:\/\/api.w.org\/{rel}","templated":true}]}}