{"id":12842,"date":"2024-04-16T12:26:39","date_gmt":"2024-04-16T10:26:39","guid":{"rendered":"https:\/\/www.framegirona.com\/?page_id=12842"},"modified":"2026-04-01T15:04:46","modified_gmt":"2026-04-01T13:04:46","slug":"politica-de-privacitat-xarxes-socials","status":"publish","type":"page","link":"https:\/\/framegirona.com\/es\/politica-de-privacitat-xarxes-socials\/","title":{"rendered":"Pol\u00edtica de privacidad Redes sociales"},"content":{"rendered":"<div data-elementor-type=\"wp-page\" data-elementor-id=\"12842\" class=\"elementor elementor-12842\" data-elementor-post-type=\"page\">\n\t\t\t\t\t\t<section data-particle_enable=\"false\" data-particle-mobile-disabled=\"false\" class=\"elementor-section elementor-top-section elementor-element elementor-element-e89d636 elementor-section-boxed elementor-section-height-default elementor-section-height-default\" data-id=\"e89d636\" data-element_type=\"section\" data-e-type=\"section\">\n\t\t\t\t\t\t<div class=\"elementor-container elementor-column-gap-default\">\n\t\t\t\t\t<div class=\"elementor-column elementor-col-100 elementor-top-column elementor-element elementor-element-7fd26ed\" data-id=\"7fd26ed\" data-element_type=\"column\" data-e-type=\"column\">\n\t\t\t<div class=\"elementor-widget-wrap elementor-element-populated\">\n\t\t\t\t\t\t<div class=\"elementor-element elementor-element-5fe3159 elementor-widget elementor-widget-text-editor\" data-id=\"5fe3159\" data-element_type=\"widget\" data-e-type=\"widget\" data-widget_type=\"text-editor.default\">\n\t\t\t\t<div class=\"elementor-widget-container\">\n\t\t\t\t\t\t\t\t\t<p><span style=\"text-decoration: underline;\"><strong>POL\u00cdTICA DE PRIVACIDAD REDES SOCIALES<\/strong><\/span><\/p><p>De acuerdo con el Reglamento Europeo de Protecci\u00f3n de Datos 2016\/679, de 27 de abril, y la Ley 34\/2002, de 11 de julio, de Servicios de la Sociedad de la Informaci\u00f3n y de Comercio Electr\u00f3nico (LSSI-CE), la empresa FRAME GIRONA, SL con el n\u00famero de CIF B17734922 y domicilio en c\/ d\u2019Ull\u00e0, 7 (Galer\u00edas Centre) 17257-Torroella de Montgr\u00ed-Girona, a fin de cumplir con las obligaciones establecidas en ellas:<\/p><p>Informa que el dominio web <a href=\"https:\/\/framegirona.com\/es\/\" target=\"_new\">www.framegirona.com<\/a> utiliza las Redes Sociales <strong>FACEBOOK, INSTAGRAM y LINKEDIN<\/strong> con la finalidad principal de publicitarse.<\/p><p>Informa que la obtencio\u0301n de datos que se produzca\u00a0<span class=\"hiddenGreenError\">como consecuencia<\/span>\u00a0del uso de las redes sociales desde la cuenta del usuario a alguna de las cuentas mencionadas titularidad de\u00a0<span class=\"hiddenSpellError\">FRAME<\/span> GIRONA, SL, que estos datos so\u0301lo se utilizan de la propia Red Social y pasara\u0301n a formar parte del Registro de Actividades del Tratamiento de datos almacenados y que la transmisio\u0301n de los mismos constituira\u0301 a dicha empresa como Responsable de tratamiento, sin perjuicio de que se informe de manera expresa sobre un tratamiento concreto de datos sometido a otras condiciones.<\/p><p>El usuario dispone de un perfil en la misma Red Social y ha decidido unirse a la pa\u0301gina creada por\u00a0<span class=\"hiddenSpellError\">FRAME<\/span>\u00a0GIRONA, SL, mostrando asi\u0301 intere\u0301s en la informacio\u0301n que se publicite en la Red Social. En unirse a la pa\u0301gina de\u00a0<span class=\"hiddenSpellError\">FRAME<\/span>\u00a0GIRONA, SL, facilita el consentimiento para el tratamiento de datos personales contenidos en su perfil.<\/p><p><span class=\"hiddenSpellError\">FRAME<\/span>\u00a0GIRONA, SL garantiza la proteccio\u0301n de los datos de acuerdo con las disposiciones prescritas en la legislacio\u0301n de aplicacio\u0301n. Para tal fin adoptara las medidas legales, te\u0301cnicas y organizativas necesarias para evitar la pe\u0301rdida, mal uso, alteracio\u0301n, acceso no autorizado y robo de los datos personales facilitados, tomando en consideracio\u0301n el estado de la tecnologi\u0301a, la naturaleza de los datos recabados, los riesgos a los que esta\u0301n expuestos, asi\u0301 como el potencial agravio o lesio\u0301n en los derechos y libertades que se pudiera causar a los interesados. En consecuencia, se da cumplimiento al deber de respeto a la privacidad de los usuarios y al secreto y seguridad de los datos personales.<\/p><p>Los datos se utilizara\u0301n exclusivamente con la finalidad para la cual fueron recabados y solo se obtendra\u0301n aquellos que sean adecuados, pertinentes y los estrictamente necesarios para la consecucio\u0301n del fin perseguido.<\/p><p>La base legitima para el tratamiento de los datos personales se fundamenta en el propio consentimiento del interesado al unirse a la pa\u0301gina de\u00a0<span class=\"hiddenSpellError\">FRAME<\/span> FRAME GIRONA, SL El consentimiento expreso, libre y voluntario relativo al tratamiento de los datos del usuario se extiende expli\u0301citamente a aquellos datos personales publicados en su perfil. El usuario puede acceder en cualquier momento a las poli\u0301ticas de privacidad de la propia Red Social, ofrecie\u0301ndole la posibilidad de configurar su perfil para garantizar su privacidad. <span class=\"hiddenSpellError\">FRAME<\/span>\u00a0GIRONA, SL esta\u0301 facultada para acceder y tratar aquella informacio\u0301n pu\u0301blica del usuario, con intere\u0301s singular, del nombre de contacto.<\/p><p>El usuario puede ejercitar sus derechos de acceso, rectificacio\u0301n, supresio\u0301n, oposicio\u0301n, portabilidad y limitacio\u0301n en la direccio\u0301n arriba indicada. Asimismo, el usuario debe de ser conocedor de las peculiaridades de las redes sociales y de las limitaciones de\u00a0<span class=\"hiddenSpellError\">FRAME<\/span> GIRONA, SL en relacio\u0301n con la aplicacio\u0301n de los derechos de acceso, rectificacio\u0301n, supresio\u0301n, oposicio\u0301n, portabilidad y limitacio\u0301n. Si el usuario tuviese alguna duda al respecto podra\u0301 consultar las particularidades de cada red social en los clausulados legales de las mismas.<\/p><p>El usuario se hace responsable de todo el contenido publicado en los perfiles de redes sociales pertenecientes a FRAME GIRONA, SL. El usuario es el u\u0301nico responsable de las publicaciones que realice. Y esta\u0301n prohibidas las publicaciones el contenido de las cuales no se ajuste a la legalidad vigente.<\/p><p>Los datos personales proporcionados a\u00a0<span class=\"hiddenSpellError\">FRAME<\/span>\u00a0GIRONA, SL se conservara\u0301n hasta que el interesado solicite su supresio\u0301n o rectificacio\u0301n, se oponga al tratamiento de sus datos o retire su consentimiento. En todo caso, durante el periodo legalmente establecido.<\/p><p>No obstante, sin perjuicio de lo anterior los datos sera\u0301n conservados y debidamente restringidos, a disposicio\u0301n exclusiva de los jueces y tribunales, el Ministerio Fiscal o las\u00a0<span class=\"hiddenGrammarError\">Administraciones Pu\u0301blicas<\/span>\u00a0competentes, en particular de la &nbsp;<span class=\"hiddenSpellError\">AEPD<\/span>\u00a0u organismo autono\u0301mico con competencias similares.<\/p><p>A continuacio\u0301n, se establece la relacio\u0301n de los enlaces a la poli\u0301tica de privacidad de nuestras Redes Sociales:<\/p><p>Facebook: <a href=\"https:\/\/es-es.facebook.com\/privacy\/explanation\" target=\"_blank\" rel=\"noopener\">https:\/\/es-es.facebook.com\/privacy\/explanation<\/a><br \/>Instagram: <a href=\"https:\/\/www.instagram.com\/accounts\/login\/?next=\/legal\/terms\/\" target=\"_blank\" rel=\"noopener\">https:\/\/www.instagram.com\/accounts\/login\/?next=\/legal\/terms\/<\/a> <br \/>LinkedIn: <a href=\"https:\/\/es.linkedin.com\/legal\/privacy-policy\" target=\"_blank\" rel=\"noopener\">https:\/\/es.linkedin.com\/legal\/privacy-policy<\/a><\/p>\t\t\t\t\t\t\t\t<\/div>\n\t\t\t\t<\/div>\n\t\t\t\t\t<\/div>\n\t\t<\/div>\n\t\t\t\t\t<\/div>\n\t\t<\/section>\n\t\t\t\t<\/div>","protected":false},"excerpt":{"rendered":"<p>POL\u00cdTICA DE PRIVACITAT XARXES SOCIALS D&#8217;acord amb el Reglament Europeu de Protecci\u00f3 de Dades 2016\/679, de 27 d&#8217;abril, i la Llei 34\/2002, d&#8217;11 de juliol, de Serveis de la Societat de la Informaci\u00f3 i de Comer\u00e7 Electr\u00f2nic (LSSI- CE), l&#8217;empresa FRAME GIRONA, SL amb el n\u00famero de CIF B17734922 i adre\u00e7a a c\/ d\u2019Ull\u00e0, 7 [&hellip;]<\/p>\n","protected":false},"author":1,"featured_media":0,"parent":0,"menu_order":0,"comment_status":"closed","ping_status":"closed","template":"","meta":{"footnotes":""},"class_list":["post-12842","page","type-page","status-publish","hentry"],"yoast_head":"<!-- This site is optimized with the Yoast SEO Premium plugin v24.2 (Yoast SEO v27.2) - https:\/\/yoast.com\/product\/yoast-seo-premium-wordpress\/ -->\n<title>Pol\u00edtica de privacitat Xarxes socials &#183; Frame Girona<\/title>\n<meta name=\"robots\" content=\"noindex, nofollow\" \/>\n<meta property=\"og:locale\" content=\"es_ES\" \/>\n<meta property=\"og:type\" content=\"article\" \/>\n<meta property=\"og:title\" content=\"Pol\u00edtica de privacitat Xarxes socials\" \/>\n<meta property=\"og:description\" content=\"POL\u00cdTICA DE PRIVACITAT XARXES SOCIALS D&#8217;acord amb el Reglament Europeu de Protecci\u00f3 de Dades 2016\/679, de 27 d&#8217;abril, i la Llei 34\/2002, d&#8217;11 de juliol, de Serveis de la Societat de la Informaci\u00f3 i de Comer\u00e7 Electr\u00f2nic (LSSI- CE), l&#8217;empresa FRAME GIRONA, SL amb el n\u00famero de CIF B17734922 i adre\u00e7a a c\/ d\u2019Ull\u00e0, 7 [&hellip;]\" \/>\n<meta property=\"og:url\" content=\"https:\/\/framegirona.com\/es\/politica-de-privacitat-xarxes-socials\/\" \/>\n<meta property=\"og:site_name\" content=\"Frame Girona\" \/>\n<meta property=\"article:publisher\" content=\"https:\/\/www.facebook.com\/framegirona\/\" \/>\n<meta property=\"article:modified_time\" content=\"2026-04-01T13:04:46+00:00\" \/>\n<meta property=\"og:image\" content=\"https:\/\/framegirona.com\/wp-content\/uploads\/2022\/09\/Logo-Frame.png\" \/>\n\t<meta property=\"og:image:width\" content=\"1748\" \/>\n\t<meta property=\"og:image:height\" content=\"1334\" \/>\n\t<meta property=\"og:image:type\" content=\"image\/png\" \/>\n<meta name=\"twitter:card\" content=\"summary_large_image\" \/>\n<meta name=\"twitter:label1\" content=\"Tiempo de lectura\" \/>\n\t<meta name=\"twitter:data1\" content=\"4 minutos\" \/>\n<script type=\"application\/ld+json\" class=\"yoast-schema-graph\">{\"@context\":\"https:\/\/schema.org\",\"@graph\":[{\"@type\":\"WebPage\",\"@id\":\"https:\/\/framegirona.com\/politica-de-privacitat-xarxes-socials\/\",\"url\":\"https:\/\/framegirona.com\/politica-de-privacitat-xarxes-socials\/\",\"name\":\"Pol\u00edtica de privacitat Xarxes socials &#183; Frame Girona\",\"isPartOf\":{\"@id\":\"https:\/\/framegirona.com\/#website\"},\"datePublished\":\"2024-04-16T10:26:39+00:00\",\"dateModified\":\"2026-04-01T13:04:46+00:00\",\"breadcrumb\":{\"@id\":\"https:\/\/framegirona.com\/politica-de-privacitat-xarxes-socials\/#breadcrumb\"},\"inLanguage\":\"es\",\"potentialAction\":[{\"@type\":\"ReadAction\",\"target\":[\"https:\/\/framegirona.com\/politica-de-privacitat-xarxes-socials\/\"]}]},{\"@type\":\"BreadcrumbList\",\"@id\":\"https:\/\/framegirona.com\/politica-de-privacitat-xarxes-socials\/#breadcrumb\",\"itemListElement\":[{\"@type\":\"ListItem\",\"position\":1,\"name\":\"Home\",\"item\":\"https:\/\/framegirona.com\/\"},{\"@type\":\"ListItem\",\"position\":2,\"name\":\"Pol\u00edtica de privacitat Xarxes socials\"}]},{\"@type\":\"WebSite\",\"@id\":\"https:\/\/framegirona.com\/#website\",\"url\":\"https:\/\/framegirona.com\/\",\"name\":\"Frame Girona Ag\u00e8ncia de publicitat\",\"description\":\"Agencia de comunicaci\u00f3n y publicidad\",\"publisher\":{\"@id\":\"https:\/\/framegirona.com\/#organization\"},\"alternateName\":\"Agencia de publicidad y dise\u00f1o en Girona y Barcelona\",\"potentialAction\":[{\"@type\":\"SearchAction\",\"target\":{\"@type\":\"EntryPoint\",\"urlTemplate\":\"https:\/\/framegirona.com\/?s={search_term_string}\"},\"query-input\":{\"@type\":\"PropertyValueSpecification\",\"valueRequired\":true,\"valueName\":\"search_term_string\"}}],\"inLanguage\":\"es\"},{\"@type\":\"Organization\",\"@id\":\"https:\/\/framegirona.com\/#organization\",\"name\":\"Frame Girona SL Ag\u00e8ncia de publicitat\",\"alternateName\":\"Frame Girona Comunicaci\u00f3, publicitat i disseny\",\"url\":\"https:\/\/framegirona.com\/\",\"logo\":{\"@type\":\"ImageObject\",\"inLanguage\":\"es\",\"@id\":\"https:\/\/framegirona.com\/#\/schema\/logo\/image\/\",\"url\":\"https:\/\/framegirona.com\/wp-content\/uploads\/2022\/09\/Logo-Frame.png\",\"contentUrl\":\"https:\/\/framegirona.com\/wp-content\/uploads\/2022\/09\/Logo-Frame.png\",\"width\":1748,\"height\":1334,\"caption\":\"Frame Girona SL Ag\u00e8ncia de publicitat\"},\"image\":{\"@id\":\"https:\/\/framegirona.com\/#\/schema\/logo\/image\/\"},\"sameAs\":[\"https:\/\/www.facebook.com\/framegirona\/\",\"https:\/\/www.linkedin.com\/company\/frame-girona\",\"https:\/\/www.instagram.com\/framegirona\/\"],\"description\":\"Ag\u00e8ncia de publicitat a Girona i la Costa Brava, especialitzats en disseny gr\u00e0fic, disseny i programaci\u00f3 web, posicionament de p\u00e0gines web i publicitat i comunicaci\u00f3 per empreses.\",\"email\":\"frame@framegirona.com\",\"telephone\":\"972 20 58 65\",\"legalName\":\"Frame Girona SL\",\"foundingDate\":\"1998-05-23\",\"numberOfEmployees\":{\"@type\":\"QuantitativeValue\",\"minValue\":\"1\",\"maxValue\":\"10\"},\"publishingPrinciples\":\"https:\/\/framegirona.com\/\",\"ownershipFundingInfo\":\"https:\/\/framegirona.com\/avis-legal\/\"}]}<\/script>\n<!-- \/ Yoast SEO Premium plugin. -->","yoast_head_json":{"title":"Pol\u00edtica de privacitat Xarxes socials &#183; Frame Girona","robots":{"index":"noindex","follow":"nofollow"},"og_locale":"es_ES","og_type":"article","og_title":"Pol\u00edtica de privacitat Xarxes socials","og_description":"POL\u00cdTICA DE PRIVACITAT XARXES SOCIALS D&#8217;acord amb el Reglament Europeu de Protecci\u00f3 de Dades 2016\/679, de 27 d&#8217;abril, i la Llei 34\/2002, d&#8217;11 de juliol, de Serveis de la Societat de la Informaci\u00f3 i de Comer\u00e7 Electr\u00f2nic (LSSI- CE), l&#8217;empresa FRAME GIRONA, SL amb el n\u00famero de CIF B17734922 i adre\u00e7a a c\/ d\u2019Ull\u00e0, 7 [&hellip;]","og_url":"https:\/\/framegirona.com\/es\/politica-de-privacitat-xarxes-socials\/","og_site_name":"Frame Girona","article_publisher":"https:\/\/www.facebook.com\/framegirona\/","article_modified_time":"2026-04-01T13:04:46+00:00","og_image":[{"width":1748,"height":1334,"url":"https:\/\/framegirona.com\/wp-content\/uploads\/2022\/09\/Logo-Frame.png","type":"image\/png"}],"twitter_card":"summary_large_image","twitter_misc":{"Tiempo de lectura":"4 minutos"},"schema":{"@context":"https:\/\/schema.org","@graph":[{"@type":"WebPage","@id":"https:\/\/framegirona.com\/politica-de-privacitat-xarxes-socials\/","url":"https:\/\/framegirona.com\/politica-de-privacitat-xarxes-socials\/","name":"Pol\u00edtica de privacitat Xarxes socials &#183; Frame Girona","isPartOf":{"@id":"https:\/\/framegirona.com\/#website"},"datePublished":"2024-04-16T10:26:39+00:00","dateModified":"2026-04-01T13:04:46+00:00","breadcrumb":{"@id":"https:\/\/framegirona.com\/politica-de-privacitat-xarxes-socials\/#breadcrumb"},"inLanguage":"es","potentialAction":[{"@type":"ReadAction","target":["https:\/\/framegirona.com\/politica-de-privacitat-xarxes-socials\/"]}]},{"@type":"BreadcrumbList","@id":"https:\/\/framegirona.com\/politica-de-privacitat-xarxes-socials\/#breadcrumb","itemListElement":[{"@type":"ListItem","position":1,"name":"Home","item":"https:\/\/framegirona.com\/"},{"@type":"ListItem","position":2,"name":"Pol\u00edtica de privacitat Xarxes socials"}]},{"@type":"WebSite","@id":"https:\/\/framegirona.com\/#website","url":"https:\/\/framegirona.com\/","name":"Frame Girona Agencia de publicidad","description":"Agencia de comunicaci\u00f3n y publicidad","publisher":{"@id":"https:\/\/framegirona.com\/#organization"},"alternateName":"Agencia de publicidad y dise\u00f1o en Girona y Barcelona","potentialAction":[{"@type":"SearchAction","target":{"@type":"EntryPoint","urlTemplate":"https:\/\/framegirona.com\/?s={search_term_string}"},"query-input":{"@type":"PropertyValueSpecification","valueRequired":true,"valueName":"search_term_string"}}],"inLanguage":"es"},{"@type":"Organization","@id":"https:\/\/framegirona.com\/#organization","name":"Frame Girona SL Agencia de publicidad","alternateName":"Frame Girona Comunicaci\u00f3, publicitat i disseny","url":"https:\/\/framegirona.com\/","logo":{"@type":"ImageObject","inLanguage":"es","@id":"https:\/\/framegirona.com\/#\/schema\/logo\/image\/","url":"https:\/\/framegirona.com\/wp-content\/uploads\/2022\/09\/Logo-Frame.png","contentUrl":"https:\/\/framegirona.com\/wp-content\/uploads\/2022\/09\/Logo-Frame.png","width":1748,"height":1334,"caption":"Frame Girona SL Ag\u00e8ncia de publicitat"},"image":{"@id":"https:\/\/framegirona.com\/#\/schema\/logo\/image\/"},"sameAs":["https:\/\/www.facebook.com\/framegirona\/","https:\/\/www.linkedin.com\/company\/frame-girona","https:\/\/www.instagram.com\/framegirona\/"],"description":"Agencia de publicidad en Girona y la Costa Brava, especializados en dise\u00f1o gr\u00e1fico, dise\u00f1o y programaci\u00f3n web, posicionamiento de p\u00e1ginas web y publicidad y comunicaci\u00f3n por empresas.","email":"frame@framegirona.com","telephone":"972 20 58 65","legalName":"Frame Girona SL","foundingDate":"1998-05-23","numberOfEmployees":{"@type":"QuantitativeValue","minValue":"1","maxValue":"10"},"publishingPrinciples":"https:\/\/framegirona.com\/","ownershipFundingInfo":"https:\/\/framegirona.com\/avis-legal\/"}]}},"_links":{"self":[{"href":"https:\/\/framegirona.com\/es\/wp-json\/wp\/v2\/pages\/12842","targetHints":{"allow":["GET"]}}],"collection":[{"href":"https:\/\/framegirona.com\/es\/wp-json\/wp\/v2\/pages"}],"about":[{"href":"https:\/\/framegirona.com\/es\/wp-json\/wp\/v2\/types\/page"}],"author":[{"embeddable":true,"href":"https:\/\/framegirona.com\/es\/wp-json\/wp\/v2\/users\/1"}],"replies":[{"embeddable":true,"href":"https:\/\/framegirona.com\/es\/wp-json\/wp\/v2\/comments?post=12842"}],"version-history":[{"count":17,"href":"https:\/\/framegirona.com\/es\/wp-json\/wp\/v2\/pages\/12842\/revisions"}],"predecessor-version":[{"id":13597,"href":"https:\/\/framegirona.com\/es\/wp-json\/wp\/v2\/pages\/12842\/revisions\/13597"}],"wp:attachment":[{"href":"https:\/\/framegirona.com\/es\/wp-json\/wp\/v2\/media?parent=12842"}],"curies":[{"name":"wp","href":"https:\/\/api.w.org\/{rel}","templated":true}]}}