{"id":1434,"date":"2020-10-07T12:19:50","date_gmt":"2020-10-07T10:19:50","guid":{"rendered":"https:\/\/www.framegirona.com\/?page_id=1434"},"modified":"2026-04-01T14:34:47","modified_gmt":"2026-04-01T12:34:47","slug":"avis-legal","status":"publish","type":"page","link":"https:\/\/framegirona.com\/en\/avis-legal\/","title":{"rendered":"Legal notice"},"content":{"rendered":"<div data-elementor-type=\"wp-page\" data-elementor-id=\"1434\" class=\"elementor elementor-1434\" data-elementor-post-type=\"page\">\n\t\t\t\t\t\t<section class=\"elementor-section elementor-top-section elementor-element elementor-element-195acbc elementor-section-boxed elementor-section-height-default elementor-section-height-default\" data-id=\"195acbc\" data-element_type=\"section\" data-e-type=\"section\">\n\t\t\t\t\t\t<div class=\"elementor-container elementor-column-gap-default\">\n\t\t\t\t\t<div class=\"elementor-column elementor-col-100 elementor-top-column elementor-element elementor-element-b1170e1\" data-id=\"b1170e1\" data-element_type=\"column\" data-e-type=\"column\">\n\t\t\t<div class=\"elementor-widget-wrap elementor-element-populated\">\n\t\t\t\t\t\t<div class=\"elementor-element elementor-element-a5b00a4 elementor-widget elementor-widget-text-editor\" data-id=\"a5b00a4\" data-element_type=\"widget\" data-e-type=\"widget\" data-widget_type=\"text-editor.default\">\n\t\t\t\t<div class=\"elementor-widget-container\">\n\t\t\t\t\t\t\t\t\t<p><b>LEGAL NOTICE<\/b><\/p><p>In accordance with Article 10 of Law 34\/2002, of 11 July, on Information Society Services and Electronic Commerce (LSSICE), the company's identification details are as follows:<\/p><p><b>Name: FRAME GIRONA, SL<\/b><\/p><p><b>Company name: FRAME\u00a0GIRONA\u00a0SL<\/b><\/p><p><b>NIF: B17734922<\/b><\/p><p><b>Address: c\/ d\u2019Ull\u00e0, 7 (Galeries Centre) 17257-Torroella de Montgr\u00ed-Girona<\/b><\/p><p><b>Telephone: 972 205 865<\/b><\/p><p><b>Email: frame@framegirona.com<\/b><\/p><p><b>Girona Mercantile Registry Volume 1897 Book 0 Folio 53 Section 8 Sheet GI 31564 Registration 1 Date 18\/04\/2002<\/b><\/p><p><b>PURPOSE OF THE WEBSITE<\/b><\/p><p>The purpose of the website is to publicize and contact the company FRAME GIRONA SL, which is dedicated to advertising, design of different corporate material, network management and website hosting.<span class=\"Apple-converted-space\">\u00a0<\/span><\/p><p>At FRAME GIRONA, SL, we work to offer you everything your business needs to have efficient and quality communication.<\/p><p>This legal notice (hereinafter, the \u2019Legal Notice\u201d) governs the use of the website: www.framegirona.com<\/p><p><b>LEGISLATION<\/b><\/p><p>As a general rule, the relations between FRAME GIRONA, SL and the Users of its telematic services, present on this website, are subject to Spanish legislation and jurisdiction.<\/p><p><b>USER USE AND ACCESS<\/b><\/p><p>The User is informed and accepts that access to this website does not, in any way, initiate a commercial relationship with FRAME GIRONA, SL or any of its branches.<\/p><p><b>INTELLECTUAL AND INDUSTRIAL PROPERTY<\/b><\/p><p>The intellectual property rights of the content of the web pages, their graphic design and codes are owned by FRAME GIRONA, SL and, therefore, reproduction, distribution, public communication, transformation or any other activity that may be carried out with the content of its web pages is prohibited, even when citing the sources, unless written consent is obtained from FRAME GIRONA, SL.<\/p><p><b>WEBSITE CONTENT AND LINKS<\/b><\/p><p>FRAME GIRONA, SL reserves the right to update, modify, or delete the information contained on its web pages, and may even limit or deny access to this information to certain users.<\/p><p>FRAME GIRONA, SL does not assume any responsibility for the information contained on third-party websites that may be accessed via \u201clinks\u201d or hyperlinks from any website owned by FRAME GIRONA, SL. The presence of \u201clinks\u201d or hyperlinks on FRAME GIRONA, SL's websites is for purely informational purposes and in no case implies suggestion, invitation, or recommendation regarding them.<\/p>\t\t\t\t\t\t\t\t<\/div>\n\t\t\t\t<\/div>\n\t\t\t\t\t<\/div>\n\t\t<\/div>\n\t\t\t\t\t<\/div>\n\t\t<\/section>\n\t\t\t\t<\/div>","protected":false},"excerpt":{"rendered":"<p>AV\u00cdS LEGAL En compliment de l\u2019article 10 de la Llei 34\/2002,\u00a0d\u201911\u00a0de juliol, de Serveis de la Societat de la Informaci\u00f3 i Comer\u00e7 Electr\u00f2nic\u00a0(LSSICE)\u00a0a continuaci\u00f3 es detallen les dades identificatives de l\u2019empresa: Nom: FRAME GIRONA, SL Ra\u00f3 social:\u00a0FRAME\u00a0GIRONA\u00a0SL NIF:\u00a0B17734922 Adre\u00e7a: c\/ d&#8217;Ull\u00e0, 7\u00a0(Galeries Centre) 17257-Torroella de\u00a0Montgr\u00ed-Girona Tel\u00e8fon: 972 205 865 Email: frame@framegirona.com Registre mercantil de Girona [&hellip;]<\/p>\n","protected":false},"author":1,"featured_media":0,"parent":0,"menu_order":0,"comment_status":"closed","ping_status":"closed","template":"","meta":{"footnotes":""},"class_list":["post-1434","page","type-page","status-publish","hentry"],"yoast_head":"<!-- This site is optimized with the Yoast SEO Premium plugin v24.2 (Yoast SEO v27.4) - https:\/\/yoast.com\/product\/yoast-seo-premium-wordpress\/ -->\n<title>Av\u00eds legal &#183; Frame Girona<\/title>\n<meta name=\"robots\" content=\"noindex, nofollow\" \/>\n<meta property=\"og:locale\" content=\"en_GB\" \/>\n<meta property=\"og:type\" content=\"article\" \/>\n<meta property=\"og:title\" content=\"Av\u00eds legal\" \/>\n<meta property=\"og:description\" content=\"AV\u00cdS LEGAL En compliment de l\u2019article 10 de la Llei 34\/2002,\u00a0d\u201911\u00a0de juliol, de Serveis de la Societat de la Informaci\u00f3 i Comer\u00e7 Electr\u00f2nic\u00a0(LSSICE)\u00a0a continuaci\u00f3 es detallen les dades identificatives de l\u2019empresa: Nom: FRAME GIRONA, SL Ra\u00f3 social:\u00a0FRAME\u00a0GIRONA\u00a0SL NIF:\u00a0B17734922 Adre\u00e7a: c\/ d&#8217;Ull\u00e0, 7\u00a0(Galeries Centre) 17257-Torroella de\u00a0Montgr\u00ed-Girona Tel\u00e8fon: 972 205 865 Email: frame@framegirona.com Registre mercantil de Girona [&hellip;]\" \/>\n<meta property=\"og:url\" content=\"https:\/\/framegirona.com\/en\/avis-legal\/\" \/>\n<meta property=\"og:site_name\" content=\"Frame Girona\" \/>\n<meta property=\"article:publisher\" content=\"https:\/\/www.facebook.com\/framegirona\/\" \/>\n<meta property=\"article:modified_time\" content=\"2026-04-01T12:34:47+00:00\" \/>\n<meta property=\"og:image\" content=\"https:\/\/framegirona.com\/wp-content\/uploads\/2022\/09\/Logo-Frame.png\" \/>\n\t<meta property=\"og:image:width\" content=\"1748\" \/>\n\t<meta property=\"og:image:height\" content=\"1334\" \/>\n\t<meta property=\"og:image:type\" content=\"image\/png\" \/>\n<meta name=\"twitter:card\" content=\"summary_large_image\" \/>\n<meta name=\"twitter:label1\" content=\"Estimated reading time\" \/>\n\t<meta name=\"twitter:data1\" content=\"3 minutes\" \/>\n<script type=\"application\/ld+json\" class=\"yoast-schema-graph\">{\"@context\":\"https:\\\/\\\/schema.org\",\"@graph\":[{\"@type\":\"WebPage\",\"@id\":\"https:\\\/\\\/framegirona.com\\\/avis-legal\\\/\",\"url\":\"https:\\\/\\\/framegirona.com\\\/avis-legal\\\/\",\"name\":\"Av\u00eds legal &#183; Frame Girona\",\"isPartOf\":{\"@id\":\"https:\\\/\\\/framegirona.com\\\/#website\"},\"datePublished\":\"2020-10-07T10:19:50+00:00\",\"dateModified\":\"2026-04-01T12:34:47+00:00\",\"breadcrumb\":{\"@id\":\"https:\\\/\\\/framegirona.com\\\/avis-legal\\\/#breadcrumb\"},\"inLanguage\":\"en-GB\",\"potentialAction\":[{\"@type\":\"ReadAction\",\"target\":[\"https:\\\/\\\/framegirona.com\\\/avis-legal\\\/\"]}]},{\"@type\":\"BreadcrumbList\",\"@id\":\"https:\\\/\\\/framegirona.com\\\/avis-legal\\\/#breadcrumb\",\"itemListElement\":[{\"@type\":\"ListItem\",\"position\":1,\"name\":\"Home\",\"item\":\"https:\\\/\\\/framegirona.com\\\/\"},{\"@type\":\"ListItem\",\"position\":2,\"name\":\"Av\u00eds legal\"}]},{\"@type\":\"WebSite\",\"@id\":\"https:\\\/\\\/framegirona.com\\\/#website\",\"url\":\"https:\\\/\\\/framegirona.com\\\/\",\"name\":\"Frame Girona Ag\u00e8ncia de publicitat\",\"description\":\"Agencia de comunicaci\u00f3n y publicidad\",\"publisher\":{\"@id\":\"https:\\\/\\\/framegirona.com\\\/#organization\"},\"alternateName\":\"Agencia de publicidad y dise\u00f1o en Girona y Barcelona\",\"potentialAction\":[{\"@type\":\"SearchAction\",\"target\":{\"@type\":\"EntryPoint\",\"urlTemplate\":\"https:\\\/\\\/framegirona.com\\\/?s={search_term_string}\"},\"query-input\":{\"@type\":\"PropertyValueSpecification\",\"valueRequired\":true,\"valueName\":\"search_term_string\"}}],\"inLanguage\":\"en-GB\"},{\"@type\":\"Organization\",\"@id\":\"https:\\\/\\\/framegirona.com\\\/#organization\",\"name\":\"Frame Girona SL Ag\u00e8ncia de publicitat\",\"alternateName\":\"Frame Girona Comunicaci\u00f3, publicitat i disseny\",\"url\":\"https:\\\/\\\/framegirona.com\\\/\",\"logo\":{\"@type\":\"ImageObject\",\"inLanguage\":\"en-GB\",\"@id\":\"https:\\\/\\\/framegirona.com\\\/#\\\/schema\\\/logo\\\/image\\\/\",\"url\":\"https:\\\/\\\/framegirona.com\\\/wp-content\\\/uploads\\\/2022\\\/09\\\/Logo-Frame.png\",\"contentUrl\":\"https:\\\/\\\/framegirona.com\\\/wp-content\\\/uploads\\\/2022\\\/09\\\/Logo-Frame.png\",\"width\":1748,\"height\":1334,\"caption\":\"Frame Girona SL Ag\u00e8ncia de publicitat\"},\"image\":{\"@id\":\"https:\\\/\\\/framegirona.com\\\/#\\\/schema\\\/logo\\\/image\\\/\"},\"sameAs\":[\"https:\\\/\\\/www.facebook.com\\\/framegirona\\\/\",\"https:\\\/\\\/www.linkedin.com\\\/company\\\/frame-girona\",\"https:\\\/\\\/www.instagram.com\\\/framegirona\\\/\"],\"description\":\"Ag\u00e8ncia de publicitat a Girona i la Costa Brava, especialitzats en disseny gr\u00e0fic, disseny i programaci\u00f3 web, posicionament de p\u00e0gines web i publicitat i comunicaci\u00f3 per empreses.\",\"email\":\"frame@framegirona.com\",\"telephone\":\"972 20 58 65\",\"legalName\":\"Frame Girona SL\",\"foundingDate\":\"1998-05-23\",\"numberOfEmployees\":{\"@type\":\"QuantitativeValue\",\"minValue\":\"1\",\"maxValue\":\"10\"},\"publishingPrinciples\":\"https:\\\/\\\/framegirona.com\\\/\",\"ownershipFundingInfo\":\"https:\\\/\\\/framegirona.com\\\/avis-legal\\\/\"}]}<\/script>\n<!-- \/ Yoast SEO Premium plugin. -->","yoast_head_json":{"title":"Av\u00eds legal &#183; Frame Girona","robots":{"index":"noindex","follow":"nofollow"},"og_locale":"en_GB","og_type":"article","og_title":"Av\u00eds legal","og_description":"AV\u00cdS LEGAL En compliment de l\u2019article 10 de la Llei 34\/2002,\u00a0d\u201911\u00a0de juliol, de Serveis de la Societat de la Informaci\u00f3 i Comer\u00e7 Electr\u00f2nic\u00a0(LSSICE)\u00a0a continuaci\u00f3 es detallen les dades identificatives de l\u2019empresa: Nom: FRAME GIRONA, SL Ra\u00f3 social:\u00a0FRAME\u00a0GIRONA\u00a0SL NIF:\u00a0B17734922 Adre\u00e7a: c\/ d&#8217;Ull\u00e0, 7\u00a0(Galeries Centre) 17257-Torroella de\u00a0Montgr\u00ed-Girona Tel\u00e8fon: 972 205 865 Email: frame@framegirona.com Registre mercantil de Girona [&hellip;]","og_url":"https:\/\/framegirona.com\/en\/avis-legal\/","og_site_name":"Frame Girona","article_publisher":"https:\/\/www.facebook.com\/framegirona\/","article_modified_time":"2026-04-01T12:34:47+00:00","og_image":[{"width":1748,"height":1334,"url":"https:\/\/framegirona.com\/wp-content\/uploads\/2022\/09\/Logo-Frame.png","type":"image\/png"}],"twitter_card":"summary_large_image","twitter_misc":{"Estimated reading time":"3 minutes"},"schema":{"@context":"https:\/\/schema.org","@graph":[{"@type":"WebPage","@id":"https:\/\/framegirona.com\/avis-legal\/","url":"https:\/\/framegirona.com\/avis-legal\/","name":"Av\u00eds legal &#183; Frame Girona","isPartOf":{"@id":"https:\/\/framegirona.com\/#website"},"datePublished":"2020-10-07T10:19:50+00:00","dateModified":"2026-04-01T12:34:47+00:00","breadcrumb":{"@id":"https:\/\/framegirona.com\/avis-legal\/#breadcrumb"},"inLanguage":"en-GB","potentialAction":[{"@type":"ReadAction","target":["https:\/\/framegirona.com\/avis-legal\/"]}]},{"@type":"BreadcrumbList","@id":"https:\/\/framegirona.com\/avis-legal\/#breadcrumb","itemListElement":[{"@type":"ListItem","position":1,"name":"Home","item":"https:\/\/framegirona.com\/"},{"@type":"ListItem","position":2,"name":"Av\u00eds legal"}]},{"@type":"WebSite","@id":"https:\/\/framegirona.com\/#website","url":"https:\/\/framegirona.com\/","name":"Frame Girona Advertising agency","description":"Communication and advertising agency","publisher":{"@id":"https:\/\/framegirona.com\/#organization"},"alternateName":"Agencia de publicidad y dise\u00f1o en Girona y Barcelona","potentialAction":[{"@type":"SearchAction","target":{"@type":"EntryPoint","urlTemplate":"https:\/\/framegirona.com\/?s={search_term_string}"},"query-input":{"@type":"PropertyValueSpecification","valueRequired":true,"valueName":"search_term_string"}}],"inLanguage":"en-GB"},{"@type":"Organization","@id":"https:\/\/framegirona.com\/#organization","name":"Frame Girona SL Advertising agency","alternateName":"Frame Girona Comunicaci\u00f3, publicitat i disseny","url":"https:\/\/framegirona.com\/","logo":{"@type":"ImageObject","inLanguage":"en-GB","@id":"https:\/\/framegirona.com\/#\/schema\/logo\/image\/","url":"https:\/\/framegirona.com\/wp-content\/uploads\/2022\/09\/Logo-Frame.png","contentUrl":"https:\/\/framegirona.com\/wp-content\/uploads\/2022\/09\/Logo-Frame.png","width":1748,"height":1334,"caption":"Frame Girona SL Ag\u00e8ncia de publicitat"},"image":{"@id":"https:\/\/framegirona.com\/#\/schema\/logo\/image\/"},"sameAs":["https:\/\/www.facebook.com\/framegirona\/","https:\/\/www.linkedin.com\/company\/frame-girona","https:\/\/www.instagram.com\/framegirona\/"],"description":"Advertising agency in Girona and the Costa Brava, specializing in graphic design, web design and programming, website positioning and advertising and communication for companies.","email":"frame@framegirona.com","telephone":"972 20 58 65","legalName":"Frame Girona SL","foundingDate":"1998-05-23","numberOfEmployees":{"@type":"QuantitativeValue","minValue":"1","maxValue":"10"},"publishingPrinciples":"https:\/\/framegirona.com\/","ownershipFundingInfo":"https:\/\/framegirona.com\/avis-legal\/"}]}},"_links":{"self":[{"href":"https:\/\/framegirona.com\/en\/wp-json\/wp\/v2\/pages\/1434","targetHints":{"allow":["GET"]}}],"collection":[{"href":"https:\/\/framegirona.com\/en\/wp-json\/wp\/v2\/pages"}],"about":[{"href":"https:\/\/framegirona.com\/en\/wp-json\/wp\/v2\/types\/page"}],"author":[{"embeddable":true,"href":"https:\/\/framegirona.com\/en\/wp-json\/wp\/v2\/users\/1"}],"replies":[{"embeddable":true,"href":"https:\/\/framegirona.com\/en\/wp-json\/wp\/v2\/comments?post=1434"}],"version-history":[{"count":9,"href":"https:\/\/framegirona.com\/en\/wp-json\/wp\/v2\/pages\/1434\/revisions"}],"predecessor-version":[{"id":13591,"href":"https:\/\/framegirona.com\/en\/wp-json\/wp\/v2\/pages\/1434\/revisions\/13591"}],"wp:attachment":[{"href":"https:\/\/framegirona.com\/en\/wp-json\/wp\/v2\/media?parent=1434"}],"curies":[{"name":"wp","href":"https:\/\/api.w.org\/{rel}","templated":true}]}}