{"id":12842,"date":"2024-04-16T12:26:39","date_gmt":"2024-04-16T10:26:39","guid":{"rendered":"https:\/\/www.framegirona.com\/?page_id=12842"},"modified":"2026-04-01T15:04:46","modified_gmt":"2026-04-01T13:04:46","slug":"politica-de-privacitat-xarxes-socials","status":"publish","type":"page","link":"https:\/\/framegirona.com\/en\/politica-de-privacitat-xarxes-socials\/","title":{"rendered":"Privacy Policy Social Networks"},"content":{"rendered":"<div data-elementor-type=\"wp-page\" data-elementor-id=\"12842\" class=\"elementor elementor-12842\" data-elementor-post-type=\"page\">\n\t\t\t\t\t\t<section data-particle_enable=\"false\" data-particle-mobile-disabled=\"false\" class=\"elementor-section elementor-top-section elementor-element elementor-element-e89d636 elementor-section-boxed elementor-section-height-default elementor-section-height-default\" data-id=\"e89d636\" data-element_type=\"section\" data-e-type=\"section\">\n\t\t\t\t\t\t<div class=\"elementor-container elementor-column-gap-default\">\n\t\t\t\t\t<div class=\"elementor-column elementor-col-100 elementor-top-column elementor-element elementor-element-7fd26ed\" data-id=\"7fd26ed\" data-element_type=\"column\" data-e-type=\"column\">\n\t\t\t<div class=\"elementor-widget-wrap elementor-element-populated\">\n\t\t\t\t\t\t<div class=\"elementor-element elementor-element-5fe3159 elementor-widget elementor-widget-text-editor\" data-id=\"5fe3159\" data-element_type=\"widget\" data-e-type=\"widget\" data-widget_type=\"text-editor.default\">\n\t\t\t\t<div class=\"elementor-widget-container\">\n\t\t\t\t\t\t\t\t\t<p><span style=\"text-decoration: underline;\"><strong>SOCIAL NETWORKS PRIVACY POLICY<\/strong><\/span><\/p><p>In accordance with Regulation (EU) 2016\/679 of the European Parliament and of the Council of 27 April 2016 on data protection, and Law 34\/2002 of 11 July on Information Society Services and Electronic Commerce (LSSI-CE), the company FRAME GIRONA, SL with CIF number B17734922 and address at c\/ d\u2019Ull\u00e0, 7 (Galeries Centre) 17257-Torroella de Montgr\u00ed-Girona, in order to comply with the obligations established therein:<\/p><p>Report that the web domain <a href=\"https:\/\/framegirona.com\/en\/\" target=\"_new\">www.framegirona.com<\/a> uses Social Networks <strong>FACEBOOK, INSTAGRAM and LINKEDIN<\/strong> with the main purpose of advertising.<\/p><p>Informs that the data collection that occurs\u00a0<span class=\"hiddenGreenError\">as a consequence<\/span>\u00a0of the use of social networks from the user account to any of the aforementioned accounts owned by\u00a0<span class=\"hiddenSpellError\">FRAME<\/span> GIRONA, SL, that these data are only used by the Social Network itself and will become part of the Register of Processing Activities of stored data and that the transmission of the same will constitute this company as the Data Controller, without prejudice to being expressly informed about a specific data processing subject to other conditions.<\/p><p>The user has a profile on the same Social Network and has decided to join the page created by\u00a0<span class=\"hiddenSpellError\">FRAME<\/span>\u00a0GIRONA, SL, thus showing interest in the information that is advertised on the Social Network. By joining the page of\u00a0<span class=\"hiddenSpellError\">FRAME<\/span>\u00a0GIRONA, SL, provides consent for the processing of personal data contained in your profile.<\/p><p><span class=\"hiddenSpellError\">FRAME<\/span>\u00a0GIRONA, SL guarantees the protection of data in accordance with the provisions prescribed in the applicable legislation. To this end, it will adopt the necessary legal, technical and organizational measures to prevent the loss, misuse, alteration, unauthorized access and theft of the personal data provided, taking into account the state of technology, the nature of the data collected, the risks to which they are exposed, as well as the potential harm or injury to the rights and freedoms that could be caused to the interested parties. Consequently, it complies with the duty to respect the privacy of users and the secrecy and security of personal data.<\/p><p>The data will be used exclusively for the purpose for which it was collected and only those that are adequate, relevant and strictly necessary to achieve the intended purpose will be obtained.<\/p><p>The legitimate basis for the processing of personal data is based on the consent of the interested party when joining the website.\u00a0<span class=\"hiddenSpellError\">FRAME<\/span> GIRONA, SL The express, free and voluntary consent relating to the processing of the user&#039;s data explicitly extends to those personal data published in their profile. The user can access at any time the privacy policies of the Social Network itself, offering them the possibility of configuring their profile to guarantee their privacy. <span class=\"hiddenSpellError\">FRAME<\/span>\u00a0GIRONA, SL is authorized to access and process that public information of the user, with singular interest, of the contact name.<\/p><p>The user may exercise their rights of access, rectification, deletion, opposition, portability and limitation at the address indicated above. In addition, the user must be aware of the peculiarities of social networks and the limitations of\u00a0<span class=\"hiddenSpellError\">FRAME<\/span> GIRONA, SL in relation to the application of the rights of access, rectification, deletion, opposition, portability and limitation. If the user has any doubts in this regard, they can consult the particularities of each social network in their legal clauses.<\/p><p>The user is responsible for all content published on social media profiles belonging to FRAME GIRONA, SL. The user is solely responsible for the publications they make. And publications whose content does not comply with current legislation are prohibited.<\/p><p>The personal data provided to\u00a0<span class=\"hiddenSpellError\">FRAME<\/span>\u00a0GIRONA, SL will be kept until the interested party requests its deletion or rectification, opposes the processing of their data or withdraws their consent. In any case, during the legally established period.<\/p><p>However, without prejudice to the foregoing, the data will be kept and duly restricted, at the exclusive disposal of judges and courts, the Public Prosecutor&#039;s Office or the\u00a0<span class=\"hiddenGrammarError\">Public Administrations<\/span>\u00a0competent authorities, in particular the\u2019<span class=\"hiddenSpellError\">AEPD<\/span>\u00a0or regional body with similar powers.<\/p><p>Below is a list of links to the privacy policy of our Social Networks:<\/p><p>Facebook: <a href=\"https:\/\/es-es.facebook.com\/privacy\/explanation\" target=\"_blank\" rel=\"noopener\">https:\/\/es-es.facebook.com\/privacy\/explanation<\/a><br \/>Instagram: <a href=\"https:\/\/www.instagram.com\/accounts\/login\/?next=\/legal\/terms\/\" target=\"_blank\" rel=\"noopener\">https:\/\/www.instagram.com\/accounts\/login\/?next=\/legal\/terms\/<\/a> <br \/>LinkedIn: <a href=\"https:\/\/es.linkedin.com\/legal\/privacy-policy\" target=\"_blank\" rel=\"noopener\">https:\/\/es.linkedin.com\/legal\/privacy-policy<\/a><\/p>\t\t\t\t\t\t\t\t<\/div>\n\t\t\t\t<\/div>\n\t\t\t\t\t<\/div>\n\t\t<\/div>\n\t\t\t\t\t<\/div>\n\t\t<\/section>\n\t\t\t\t<\/div>","protected":false},"excerpt":{"rendered":"<p>POL\u00cdTICA DE PRIVACITAT XARXES SOCIALS D&#8217;acord amb el Reglament Europeu de Protecci\u00f3 de Dades 2016\/679, de 27 d&#8217;abril, i la Llei 34\/2002, d&#8217;11 de juliol, de Serveis de la Societat de la Informaci\u00f3 i de Comer\u00e7 Electr\u00f2nic (LSSI- CE), l&#8217;empresa FRAME GIRONA, SL amb el n\u00famero de CIF B17734922 i adre\u00e7a a c\/ d\u2019Ull\u00e0, 7 [&hellip;]<\/p>\n","protected":false},"author":1,"featured_media":0,"parent":0,"menu_order":0,"comment_status":"closed","ping_status":"closed","template":"","meta":{"footnotes":""},"class_list":["post-12842","page","type-page","status-publish","hentry"],"yoast_head":"<!-- This site is optimized with the Yoast SEO Premium plugin v24.2 (Yoast SEO v27.4) - https:\/\/yoast.com\/product\/yoast-seo-premium-wordpress\/ -->\n<title>Pol\u00edtica de privacitat Xarxes socials &#183; Frame Girona<\/title>\n<meta name=\"robots\" content=\"noindex, nofollow\" \/>\n<meta property=\"og:locale\" content=\"en_GB\" \/>\n<meta property=\"og:type\" content=\"article\" \/>\n<meta property=\"og:title\" content=\"Pol\u00edtica de privacitat Xarxes socials\" \/>\n<meta property=\"og:description\" content=\"POL\u00cdTICA DE PRIVACITAT XARXES SOCIALS D&#8217;acord amb el Reglament Europeu de Protecci\u00f3 de Dades 2016\/679, de 27 d&#8217;abril, i la Llei 34\/2002, d&#8217;11 de juliol, de Serveis de la Societat de la Informaci\u00f3 i de Comer\u00e7 Electr\u00f2nic (LSSI- CE), l&#8217;empresa FRAME GIRONA, SL amb el n\u00famero de CIF B17734922 i adre\u00e7a a c\/ d\u2019Ull\u00e0, 7 [&hellip;]\" \/>\n<meta property=\"og:url\" content=\"https:\/\/framegirona.com\/en\/politica-de-privacitat-xarxes-socials\/\" \/>\n<meta property=\"og:site_name\" content=\"Frame Girona\" \/>\n<meta property=\"article:publisher\" content=\"https:\/\/www.facebook.com\/framegirona\/\" \/>\n<meta property=\"article:modified_time\" content=\"2026-04-01T13:04:46+00:00\" \/>\n<meta property=\"og:image\" content=\"https:\/\/framegirona.com\/wp-content\/uploads\/2022\/09\/Logo-Frame.png\" \/>\n\t<meta property=\"og:image:width\" content=\"1748\" \/>\n\t<meta property=\"og:image:height\" content=\"1334\" \/>\n\t<meta property=\"og:image:type\" content=\"image\/png\" \/>\n<meta name=\"twitter:card\" content=\"summary_large_image\" \/>\n<meta name=\"twitter:label1\" content=\"Estimated reading time\" \/>\n\t<meta name=\"twitter:data1\" content=\"4 minutes\" \/>\n<script type=\"application\/ld+json\" class=\"yoast-schema-graph\">{\"@context\":\"https:\\\/\\\/schema.org\",\"@graph\":[{\"@type\":\"WebPage\",\"@id\":\"https:\\\/\\\/framegirona.com\\\/politica-de-privacitat-xarxes-socials\\\/\",\"url\":\"https:\\\/\\\/framegirona.com\\\/politica-de-privacitat-xarxes-socials\\\/\",\"name\":\"Pol\u00edtica de privacitat Xarxes socials &#183; Frame Girona\",\"isPartOf\":{\"@id\":\"https:\\\/\\\/framegirona.com\\\/#website\"},\"datePublished\":\"2024-04-16T10:26:39+00:00\",\"dateModified\":\"2026-04-01T13:04:46+00:00\",\"breadcrumb\":{\"@id\":\"https:\\\/\\\/framegirona.com\\\/politica-de-privacitat-xarxes-socials\\\/#breadcrumb\"},\"inLanguage\":\"en-GB\",\"potentialAction\":[{\"@type\":\"ReadAction\",\"target\":[\"https:\\\/\\\/framegirona.com\\\/politica-de-privacitat-xarxes-socials\\\/\"]}]},{\"@type\":\"BreadcrumbList\",\"@id\":\"https:\\\/\\\/framegirona.com\\\/politica-de-privacitat-xarxes-socials\\\/#breadcrumb\",\"itemListElement\":[{\"@type\":\"ListItem\",\"position\":1,\"name\":\"Home\",\"item\":\"https:\\\/\\\/framegirona.com\\\/\"},{\"@type\":\"ListItem\",\"position\":2,\"name\":\"Pol\u00edtica de privacitat Xarxes socials\"}]},{\"@type\":\"WebSite\",\"@id\":\"https:\\\/\\\/framegirona.com\\\/#website\",\"url\":\"https:\\\/\\\/framegirona.com\\\/\",\"name\":\"Frame Girona Ag\u00e8ncia de publicitat\",\"description\":\"Agencia de comunicaci\u00f3n y publicidad\",\"publisher\":{\"@id\":\"https:\\\/\\\/framegirona.com\\\/#organization\"},\"alternateName\":\"Agencia de publicidad y dise\u00f1o en Girona y Barcelona\",\"potentialAction\":[{\"@type\":\"SearchAction\",\"target\":{\"@type\":\"EntryPoint\",\"urlTemplate\":\"https:\\\/\\\/framegirona.com\\\/?s={search_term_string}\"},\"query-input\":{\"@type\":\"PropertyValueSpecification\",\"valueRequired\":true,\"valueName\":\"search_term_string\"}}],\"inLanguage\":\"en-GB\"},{\"@type\":\"Organization\",\"@id\":\"https:\\\/\\\/framegirona.com\\\/#organization\",\"name\":\"Frame Girona SL Ag\u00e8ncia de publicitat\",\"alternateName\":\"Frame Girona Comunicaci\u00f3, publicitat i disseny\",\"url\":\"https:\\\/\\\/framegirona.com\\\/\",\"logo\":{\"@type\":\"ImageObject\",\"inLanguage\":\"en-GB\",\"@id\":\"https:\\\/\\\/framegirona.com\\\/#\\\/schema\\\/logo\\\/image\\\/\",\"url\":\"https:\\\/\\\/framegirona.com\\\/wp-content\\\/uploads\\\/2022\\\/09\\\/Logo-Frame.png\",\"contentUrl\":\"https:\\\/\\\/framegirona.com\\\/wp-content\\\/uploads\\\/2022\\\/09\\\/Logo-Frame.png\",\"width\":1748,\"height\":1334,\"caption\":\"Frame Girona SL Ag\u00e8ncia de publicitat\"},\"image\":{\"@id\":\"https:\\\/\\\/framegirona.com\\\/#\\\/schema\\\/logo\\\/image\\\/\"},\"sameAs\":[\"https:\\\/\\\/www.facebook.com\\\/framegirona\\\/\",\"https:\\\/\\\/www.linkedin.com\\\/company\\\/frame-girona\",\"https:\\\/\\\/www.instagram.com\\\/framegirona\\\/\"],\"description\":\"Ag\u00e8ncia de publicitat a Girona i la Costa Brava, especialitzats en disseny gr\u00e0fic, disseny i programaci\u00f3 web, posicionament de p\u00e0gines web i publicitat i comunicaci\u00f3 per empreses.\",\"email\":\"frame@framegirona.com\",\"telephone\":\"972 20 58 65\",\"legalName\":\"Frame Girona SL\",\"foundingDate\":\"1998-05-23\",\"numberOfEmployees\":{\"@type\":\"QuantitativeValue\",\"minValue\":\"1\",\"maxValue\":\"10\"},\"publishingPrinciples\":\"https:\\\/\\\/framegirona.com\\\/\",\"ownershipFundingInfo\":\"https:\\\/\\\/framegirona.com\\\/avis-legal\\\/\"}]}<\/script>\n<!-- \/ Yoast SEO Premium plugin. -->","yoast_head_json":{"title":"Privacy Policy Social Networks \u00b7 Frame Girona","robots":{"index":"noindex","follow":"nofollow"},"og_locale":"en_GB","og_type":"article","og_title":"Pol\u00edtica de privacitat Xarxes socials","og_description":"POL\u00cdTICA DE PRIVACITAT XARXES SOCIALS D&#8217;acord amb el Reglament Europeu de Protecci\u00f3 de Dades 2016\/679, de 27 d&#8217;abril, i la Llei 34\/2002, d&#8217;11 de juliol, de Serveis de la Societat de la Informaci\u00f3 i de Comer\u00e7 Electr\u00f2nic (LSSI- CE), l&#8217;empresa FRAME GIRONA, SL amb el n\u00famero de CIF B17734922 i adre\u00e7a a c\/ d\u2019Ull\u00e0, 7 [&hellip;]","og_url":"https:\/\/framegirona.com\/en\/politica-de-privacitat-xarxes-socials\/","og_site_name":"Frame Girona","article_publisher":"https:\/\/www.facebook.com\/framegirona\/","article_modified_time":"2026-04-01T13:04:46+00:00","og_image":[{"width":1748,"height":1334,"url":"https:\/\/framegirona.com\/wp-content\/uploads\/2022\/09\/Logo-Frame.png","type":"image\/png"}],"twitter_card":"summary_large_image","twitter_misc":{"Estimated reading time":"4 minutes"},"schema":{"@context":"https:\/\/schema.org","@graph":[{"@type":"WebPage","@id":"https:\/\/framegirona.com\/politica-de-privacitat-xarxes-socials\/","url":"https:\/\/framegirona.com\/politica-de-privacitat-xarxes-socials\/","name":"Privacy Policy Social Networks \u00b7 Frame Girona","isPartOf":{"@id":"https:\/\/framegirona.com\/#website"},"datePublished":"2024-04-16T10:26:39+00:00","dateModified":"2026-04-01T13:04:46+00:00","breadcrumb":{"@id":"https:\/\/framegirona.com\/politica-de-privacitat-xarxes-socials\/#breadcrumb"},"inLanguage":"en-GB","potentialAction":[{"@type":"ReadAction","target":["https:\/\/framegirona.com\/politica-de-privacitat-xarxes-socials\/"]}]},{"@type":"BreadcrumbList","@id":"https:\/\/framegirona.com\/politica-de-privacitat-xarxes-socials\/#breadcrumb","itemListElement":[{"@type":"ListItem","position":1,"name":"Home","item":"https:\/\/framegirona.com\/"},{"@type":"ListItem","position":2,"name":"Pol\u00edtica de privacitat Xarxes socials"}]},{"@type":"WebSite","@id":"https:\/\/framegirona.com\/#website","url":"https:\/\/framegirona.com\/","name":"Frame Girona Advertising agency","description":"Communication and advertising agency","publisher":{"@id":"https:\/\/framegirona.com\/#organization"},"alternateName":"Agencia de publicidad y dise\u00f1o en Girona y Barcelona","potentialAction":[{"@type":"SearchAction","target":{"@type":"EntryPoint","urlTemplate":"https:\/\/framegirona.com\/?s={search_term_string}"},"query-input":{"@type":"PropertyValueSpecification","valueRequired":true,"valueName":"search_term_string"}}],"inLanguage":"en-GB"},{"@type":"Organization","@id":"https:\/\/framegirona.com\/#organization","name":"Frame Girona SL Advertising agency","alternateName":"Frame Girona Comunicaci\u00f3, publicitat i disseny","url":"https:\/\/framegirona.com\/","logo":{"@type":"ImageObject","inLanguage":"en-GB","@id":"https:\/\/framegirona.com\/#\/schema\/logo\/image\/","url":"https:\/\/framegirona.com\/wp-content\/uploads\/2022\/09\/Logo-Frame.png","contentUrl":"https:\/\/framegirona.com\/wp-content\/uploads\/2022\/09\/Logo-Frame.png","width":1748,"height":1334,"caption":"Frame Girona SL Ag\u00e8ncia de publicitat"},"image":{"@id":"https:\/\/framegirona.com\/#\/schema\/logo\/image\/"},"sameAs":["https:\/\/www.facebook.com\/framegirona\/","https:\/\/www.linkedin.com\/company\/frame-girona","https:\/\/www.instagram.com\/framegirona\/"],"description":"Advertising agency in Girona and the Costa Brava, specializing in graphic design, web design and programming, website positioning and advertising and communication for companies.","email":"frame@framegirona.com","telephone":"972 20 58 65","legalName":"Frame Girona SL","foundingDate":"1998-05-23","numberOfEmployees":{"@type":"QuantitativeValue","minValue":"1","maxValue":"10"},"publishingPrinciples":"https:\/\/framegirona.com\/","ownershipFundingInfo":"https:\/\/framegirona.com\/avis-legal\/"}]}},"_links":{"self":[{"href":"https:\/\/framegirona.com\/en\/wp-json\/wp\/v2\/pages\/12842","targetHints":{"allow":["GET"]}}],"collection":[{"href":"https:\/\/framegirona.com\/en\/wp-json\/wp\/v2\/pages"}],"about":[{"href":"https:\/\/framegirona.com\/en\/wp-json\/wp\/v2\/types\/page"}],"author":[{"embeddable":true,"href":"https:\/\/framegirona.com\/en\/wp-json\/wp\/v2\/users\/1"}],"replies":[{"embeddable":true,"href":"https:\/\/framegirona.com\/en\/wp-json\/wp\/v2\/comments?post=12842"}],"version-history":[{"count":17,"href":"https:\/\/framegirona.com\/en\/wp-json\/wp\/v2\/pages\/12842\/revisions"}],"predecessor-version":[{"id":13597,"href":"https:\/\/framegirona.com\/en\/wp-json\/wp\/v2\/pages\/12842\/revisions\/13597"}],"wp:attachment":[{"href":"https:\/\/framegirona.com\/en\/wp-json\/wp\/v2\/media?parent=12842"}],"curies":[{"name":"wp","href":"https:\/\/api.w.org\/{rel}","templated":true}]}}